{"id":74207,"date":"2026-04-06T09:17:56","date_gmt":"2026-04-06T09:17:56","guid":{"rendered":"https:\/\/www.deporteseli.com\/?product=tenis-puma-311730-01"},"modified":"2026-04-06T09:18:01","modified_gmt":"2026-04-06T09:18:01","slug":"tenis-puma-311730-01","status":"publish","type":"product","link":"https:\/\/www.deporteseli.com\/?product=tenis-puma-311730-01","title":{"rendered":"TENIS PUMA 311730-01"},"content":{"rendered":"<p>HISTORIA DEL PRODUCTO  Sal a la calle y empieza tu recuento de pasos con la Skyrocket Lite. Recorre kil\u00f3metros gracias a la amortiguaci\u00f3n ultraligera PUMALITE y la tecnolog\u00eda SOFTFOAM , que aporta comodidad en cada pisada. El sistema de cordones FIT PLUS sujeta el pie, mientras que la goma integral garantiza el agarre kil\u00f3metro tras kil\u00f3metro. Dise\u00f1adas para correr por asfalto, estas zapatillas ofrecen comodidad en cada zancada.    CARACTER\u00cdSTICAS   BENEFICIOS  SOFTFOAM : c\u00f3moda plantilla dise\u00f1ada para proporcionar una suave amortiguaci\u00f3n gracias a su tal\u00f3n extragrueso  DETALLES  Ancho: est\u00e1ndar  Tipo de puntera: redondeada  Cierre: de cordones  Composici\u00f3n principal del empeine: textil  Suela: goma  Forro: textil  Amortiguaci\u00f3n: media  Drop del tal\u00f3n a los dedos: 10 mm  Pronaci\u00f3n: neutra  INFORMACI\u00d3N DE MATERIAL  Entresuela: 100% Sint\u00e9tico  Plantilla: 100% Textil  Suela: 100% Goma  Exterior: 59.48% Textil, 40.52% Sint\u00e9tico  Forro: 100% Textil                                                                                                                                                                                                                                                                                                                                                                                                                                                                                                                                                                                                                                                                                                                                                                                                                                                                                                                                                                                                                                        <\/p>\n","protected":false},"excerpt":{"rendered":"<p>TENIS PUMA 311730-01<\/p>\n","protected":false},"featured_media":74214,"template":"","meta":[],"product_brand":[],"product_cat":[285],"product_tag":[32],"class_list":{"0":"post-74207","1":"product","2":"type-product","3":"status-publish","4":"has-post-thumbnail","6":"product_cat-mujer_calzado_running","7":"product_tag-puma","8":"pa_color-unico","9":"pa_talla-141","10":"pa_talla-143","11":"pa_talla-145","12":"pa_talla-147","13":"pa_talla-149","14":"pa_talla-151","15":"thunk-woo-product-list","16":"opn-qv-enable","17":"open-woo-hover-","18":"open-single-product-tab-horizontal","19":"open-shadow-","20":"open-shadow-hover-","22":"first","23":"instock","24":"shipping-taxable","25":"purchasable","26":"product-type-variable"},"jetpack_sharing_enabled":true,"_links":{"self":[{"href":"https:\/\/www.deporteseli.com\/index.php?rest_route=\/wp\/v2\/product\/74207","targetHints":{"allow":["GET"]}}],"collection":[{"href":"https:\/\/www.deporteseli.com\/index.php?rest_route=\/wp\/v2\/product"}],"about":[{"href":"https:\/\/www.deporteseli.com\/index.php?rest_route=\/wp\/v2\/types\/product"}],"wp:featuredmedia":[{"embeddable":true,"href":"https:\/\/www.deporteseli.com\/index.php?rest_route=\/wp\/v2\/media\/74214"}],"wp:attachment":[{"href":"https:\/\/www.deporteseli.com\/index.php?rest_route=%2Fwp%2Fv2%2Fmedia&parent=74207"}],"wp:term":[{"taxonomy":"product_brand","embeddable":true,"href":"https:\/\/www.deporteseli.com\/index.php?rest_route=%2Fwp%2Fv2%2Fproduct_brand&post=74207"},{"taxonomy":"product_cat","embeddable":true,"href":"https:\/\/www.deporteseli.com\/index.php?rest_route=%2Fwp%2Fv2%2Fproduct_cat&post=74207"},{"taxonomy":"product_tag","embeddable":true,"href":"https:\/\/www.deporteseli.com\/index.php?rest_route=%2Fwp%2Fv2%2Fproduct_tag&post=74207"}],"curies":[{"name":"wp","href":"https:\/\/api.w.org\/{rel}","templated":true}]}}