{"id":74177,"date":"2026-04-06T09:16:22","date_gmt":"2026-04-06T09:16:22","guid":{"rendered":"https:\/\/www.deporteseli.com\/?product=tenis-puma-311523-01"},"modified":"2026-04-06T09:16:29","modified_gmt":"2026-04-06T09:16:29","slug":"tenis-puma-311523-01","status":"publish","type":"product","link":"https:\/\/www.deporteseli.com\/?product=tenis-puma-311523-01","title":{"rendered":"TENIS PUMA 311523-01"},"content":{"rendered":"<p>HISTORIA DEL PRODUCTO  Camina con confianza con estas zapatillas ligeras y c\u00f3modas. Presentan un empeine de tejido de malla transpirable, una PUMA Formstrip de material sint\u00e9tico y el icono PUMA Cat de TPU, que combina un dise\u00f1o progresivo con vibrantes bloques de color.    CARACTER\u00cdSTICAS   BENEFICIOS  El empeine de las zapatillas est\u00e1 fabricado con al menos un 20 % de materiales reciclados  DETALLES  Ancho est\u00e1ndar  Empeine textil  Cierre el\u00e1stico y de gancho y bucle  Refuerzo para los ojales de material sint\u00e9tico  PUMA Infantil: recomendado para ni\u00f1os de 0 a 4 a\u00f1os  INFORMACI\u00d3N DE MATERIAL  Plantilla: 100% Textil  Suela: 100% Sint\u00e9tico  Exterior: 67.49% Textil, 32.51% Sint\u00e9tico  Forro: 100% Textil                                                                                                                                                                                                                                                                                                                                                                                                                                                                                                                                                                                                                                                                                                                                                                                                                                                                                                                                                                                                                                        <\/p>\n","protected":false},"excerpt":{"rendered":"<p>TENIS PUMA 311523-01<\/p>\n","protected":false},"featured_media":74185,"template":"","meta":[],"product_brand":[],"product_cat":[308],"product_tag":[32],"class_list":{"0":"post-74177","1":"product","2":"type-product","3":"status-publish","4":"has-post-thumbnail","6":"product_cat-nino_calzado_running","7":"product_tag-puma","8":"pa_color-unico","9":"pa_talla-113","10":"pa_talla-115","11":"pa_talla-117","12":"pa_talla-119","13":"pa_talla-121","14":"pa_talla-123","15":"pa_talla-t-21","16":"thunk-woo-product-list","17":"opn-qv-enable","18":"open-woo-hover-","19":"open-single-product-tab-horizontal","20":"open-shadow-","21":"open-shadow-hover-","23":"first","24":"instock","25":"shipping-taxable","26":"purchasable","27":"product-type-variable"},"jetpack_sharing_enabled":true,"_links":{"self":[{"href":"https:\/\/www.deporteseli.com\/index.php?rest_route=\/wp\/v2\/product\/74177","targetHints":{"allow":["GET"]}}],"collection":[{"href":"https:\/\/www.deporteseli.com\/index.php?rest_route=\/wp\/v2\/product"}],"about":[{"href":"https:\/\/www.deporteseli.com\/index.php?rest_route=\/wp\/v2\/types\/product"}],"wp:featuredmedia":[{"embeddable":true,"href":"https:\/\/www.deporteseli.com\/index.php?rest_route=\/wp\/v2\/media\/74185"}],"wp:attachment":[{"href":"https:\/\/www.deporteseli.com\/index.php?rest_route=%2Fwp%2Fv2%2Fmedia&parent=74177"}],"wp:term":[{"taxonomy":"product_brand","embeddable":true,"href":"https:\/\/www.deporteseli.com\/index.php?rest_route=%2Fwp%2Fv2%2Fproduct_brand&post=74177"},{"taxonomy":"product_cat","embeddable":true,"href":"https:\/\/www.deporteseli.com\/index.php?rest_route=%2Fwp%2Fv2%2Fproduct_cat&post=74177"},{"taxonomy":"product_tag","embeddable":true,"href":"https:\/\/www.deporteseli.com\/index.php?rest_route=%2Fwp%2Fv2%2Fproduct_tag&post=74177"}],"curies":[{"name":"wp","href":"https:\/\/api.w.org\/{rel}","templated":true}]}}