{"id":74170,"date":"2026-04-06T09:11:52","date_gmt":"2026-04-06T09:11:52","guid":{"rendered":"https:\/\/www.deporteseli.com\/?product=paletero-babolat-759022-2"},"modified":"2026-04-06T09:11:54","modified_gmt":"2026-04-06T09:11:54","slug":"paletero-babolat-759022-2","status":"publish","type":"product","link":"https:\/\/www.deporteseli.com\/?product=paletero-babolat-759022-2","title":{"rendered":"PALETERO BABOLAT 759022"},"content":{"rendered":"<p>Paletero Babolat Court S Negro   El Paletero Babolat Court S Negro es la opci\u00f3n perfecta para los entusiastas del p\u00e1del que buscan una bolsa vers\u00e1til y sostenible. Parte de la gama Court, este paletero combina dise\u00f1o atractivo y funcionalidad, ideal tanto para entrenamientos como competiciones. Confeccionado a partir de materiales reciclados, ofrece durabilidad sin comprometer el medio ambiente.    Con una capacidad de 35 litros y dimensiones de 30 x 26 x 49 cm, esta bolsa es suficientemente espaciosa para llevar hasta 2 palas de p\u00e1del y todo el equipo necesario para tus sesiones en la pista o el gimnasio. El exterior resistente y el forro reciclado aseguran que tus pertenencias est\u00e9n protegidas en todo momento, sin importar las condiciones.    El dise\u00f1o moderno y pr\u00e1ctico del Paletero Babolat Court S Negro incluye compartimentos bien distribuidos para mantener tu equipo organizado. Su estructura ergon\u00f3mica facilita el transporte, ya sea en mano o al hombro, proporcionando comodidad durante los desplazamientos. Esta bolsa es una excelente elecci\u00f3n para jugadores que buscan un equilibrio entre estilo, funcionalidad y compromiso con el medio ambiente.    Con el Paletero Babolat Court S Negro, llevar\u00e1s todo lo necesario con elegancia y practicidad, destacando no solo en la pista, sino tambi\u00e9n en tu vida diaria.                                                                                                                                                                                                                                                                                                                                                                                                                                                                                                                                                                                                                                                                                                                                                                                                                                                                                                                                                                                                                                        <\/p>\n","protected":false},"excerpt":{"rendered":"<p>PALETERO BABOLAT 759022<\/p>\n","protected":false},"featured_media":74172,"template":"","meta":[],"product_brand":[],"product_cat":[354],"product_tag":[84],"class_list":{"0":"post-74170","1":"product","2":"type-product","3":"status-publish","4":"has-post-thumbnail","6":"product_cat-padel_y_tenis_paleteros","7":"product_tag-babolat","8":"pa_color-unico","9":"pa_talla-unica","10":"thunk-woo-product-list","11":"opn-qv-enable","12":"open-woo-hover-","13":"open-single-product-tab-horizontal","14":"open-shadow-","15":"open-shadow-hover-","17":"first","18":"instock","19":"sale","20":"shipping-taxable","21":"purchasable","22":"product-type-variable"},"jetpack_sharing_enabled":true,"_links":{"self":[{"href":"https:\/\/www.deporteseli.com\/index.php?rest_route=\/wp\/v2\/product\/74170","targetHints":{"allow":["GET"]}}],"collection":[{"href":"https:\/\/www.deporteseli.com\/index.php?rest_route=\/wp\/v2\/product"}],"about":[{"href":"https:\/\/www.deporteseli.com\/index.php?rest_route=\/wp\/v2\/types\/product"}],"wp:featuredmedia":[{"embeddable":true,"href":"https:\/\/www.deporteseli.com\/index.php?rest_route=\/wp\/v2\/media\/74172"}],"wp:attachment":[{"href":"https:\/\/www.deporteseli.com\/index.php?rest_route=%2Fwp%2Fv2%2Fmedia&parent=74170"}],"wp:term":[{"taxonomy":"product_brand","embeddable":true,"href":"https:\/\/www.deporteseli.com\/index.php?rest_route=%2Fwp%2Fv2%2Fproduct_brand&post=74170"},{"taxonomy":"product_cat","embeddable":true,"href":"https:\/\/www.deporteseli.com\/index.php?rest_route=%2Fwp%2Fv2%2Fproduct_cat&post=74170"},{"taxonomy":"product_tag","embeddable":true,"href":"https:\/\/www.deporteseli.com\/index.php?rest_route=%2Fwp%2Fv2%2Fproduct_tag&post=74170"}],"curies":[{"name":"wp","href":"https:\/\/api.w.org\/{rel}","templated":true}]}}