{"id":74160,"date":"2026-04-06T09:11:16","date_gmt":"2026-04-06T09:11:16","guid":{"rendered":"https:\/\/www.deporteseli.com\/?product=mochila-babolat-759021"},"modified":"2026-04-06T09:11:18","modified_gmt":"2026-04-06T09:11:18","slug":"mochila-babolat-759021","status":"publish","type":"product","link":"https:\/\/www.deporteseli.com\/?product=mochila-babolat-759021","title":{"rendered":"MOCHILA BABOLAT 759021"},"content":{"rendered":"<p>Acerca de este art\u00edculo  La Babolat RH Perf Padel Multicolor destaca por su gran capacidad, permitiendo llevar hasta 4 palas o raquetas en un espacio bien organizado.  Los 3 compartimentos isot\u00e9rmicos proporcionan protecci\u00f3n contra cambios de temperatura y humedad, asegurando que los equipos se mantengan en \u00f3ptimas condiciones.  Su dise\u00f1o ergon\u00f3mico y resistente hace que sea una opci\u00f3n ideal para jugadores avanzados y profesionales que buscan comodidad y practicidad.  La bolsa incorpora m\u00faltiples compartimentos, incluyendo bolsillos laterales y un separador interno, ofreciendo una organizaci\u00f3n personalizada y eficiente para todos los accesorios deportivos.                                                                                                                                                                                                                                                                                                                                                                                                                                                                                                                                                                                                                                                                                                                                                                                                                                                                                                                                                                                                                                        <\/p>\n","protected":false},"excerpt":{"rendered":"<p>MOCHILA BABOLAT 759021<\/p>\n","protected":false},"featured_media":74162,"template":"","meta":[],"product_brand":[],"product_cat":[355],"product_tag":[84],"class_list":{"0":"post-74160","1":"product","2":"type-product","3":"status-publish","4":"has-post-thumbnail","6":"product_cat-padel_y_tenis_mochilas","7":"product_tag-babolat","8":"pa_color-unico","9":"pa_talla-unica","10":"thunk-woo-product-list","11":"opn-qv-enable","12":"open-woo-hover-","13":"open-single-product-tab-horizontal","14":"open-shadow-","15":"open-shadow-hover-","17":"first","18":"instock","19":"sale","20":"shipping-taxable","21":"purchasable","22":"product-type-variable"},"jetpack_sharing_enabled":true,"_links":{"self":[{"href":"https:\/\/www.deporteseli.com\/index.php?rest_route=\/wp\/v2\/product\/74160","targetHints":{"allow":["GET"]}}],"collection":[{"href":"https:\/\/www.deporteseli.com\/index.php?rest_route=\/wp\/v2\/product"}],"about":[{"href":"https:\/\/www.deporteseli.com\/index.php?rest_route=\/wp\/v2\/types\/product"}],"wp:featuredmedia":[{"embeddable":true,"href":"https:\/\/www.deporteseli.com\/index.php?rest_route=\/wp\/v2\/media\/74162"}],"wp:attachment":[{"href":"https:\/\/www.deporteseli.com\/index.php?rest_route=%2Fwp%2Fv2%2Fmedia&parent=74160"}],"wp:term":[{"taxonomy":"product_brand","embeddable":true,"href":"https:\/\/www.deporteseli.com\/index.php?rest_route=%2Fwp%2Fv2%2Fproduct_brand&post=74160"},{"taxonomy":"product_cat","embeddable":true,"href":"https:\/\/www.deporteseli.com\/index.php?rest_route=%2Fwp%2Fv2%2Fproduct_cat&post=74160"},{"taxonomy":"product_tag","embeddable":true,"href":"https:\/\/www.deporteseli.com\/index.php?rest_route=%2Fwp%2Fv2%2Fproduct_tag&post=74160"}],"curies":[{"name":"wp","href":"https:\/\/api.w.org\/{rel}","templated":true}]}}