{"id":74146,"date":"2026-04-06T09:09:05","date_gmt":"2026-04-06T09:09:05","guid":{"rendered":"https:\/\/www.deporteseli.com\/?product=pala-babolat-veron-conter-26"},"modified":"2026-04-18T04:21:40","modified_gmt":"2026-04-18T04:21:40","slug":"pala-babolat-veron-conter-26","status":"publish","type":"product","link":"https:\/\/www.deporteseli.com\/?product=pala-babolat-veron-conter-26","title":{"rendered":"PALA BABOLAT VERON CONTER 26"},"content":{"rendered":"<p>La Babolat Counter Veron 2.6 2026 es una pala de p\u00e1del dise\u00f1ada para jugadores que priorizan control, precisi\u00f3n y tacto en cada golpe, ideal para estilos de juego t\u00e1cticos y met\u00f3dicos. Esta pala se posiciona como una opci\u00f3n excelente para quienes construyen puntos desde el fondo de la pista, defienden con seguridad y deciden los intercambios con colocaci\u00f3n exacta m\u00e1s que con potencia bruta.    Caracter\u00edsticas Destacadas  Control excepcional y gran sweet spot gracias a su forma redonda, que facilita la consistencia incluso en golpes descentrados.    Tecnolog\u00eda Carbon Flex en la superficie: combinaci\u00f3n de carbono y fibra de vidrio que ofrece potencia din\u00e1mica con confort y elasticidad.    N\u00facleo Black EVA que mejora el tacto de bola, la respuesta suave y el confort general del golpeo.    Tecnolog\u00eda SMAC (Vibrasorb System) integrada para absorber vibraciones y reducir fatiga de brazo, fundamental en sesiones largas de juego.    Patr\u00f3n optimizado de agujeros y superficie 3D Spin para mejorar la transferencia de energ\u00eda, el control direccional y la generaci\u00f3n de efecto.    Sistema Smart Buttcap que permite personalizar o retirar la correa de la pala seg\u00fan la preferencia del jugador.                                                                                                                                                                                                                                                                                                                                                                                                                                                                                                                                                                                                                                                                                                                                                                                                                                                                                                                                                                                                                                        <\/p>\n","protected":false},"excerpt":{"rendered":"<p>PALA BABOLAT VERON CONTER 26<\/p>\n","protected":false},"featured_media":74148,"template":"","meta":[],"product_brand":[],"product_cat":[353],"product_tag":[84],"class_list":{"0":"post-74146","1":"product","2":"type-product","3":"status-publish","4":"has-post-thumbnail","6":"product_cat-padel_y_tenis_palas","7":"product_tag-babolat","8":"pa_color-unico","9":"pa_talla-unica","10":"thunk-woo-product-list","11":"opn-qv-enable","12":"open-woo-hover-","13":"open-single-product-tab-horizontal","14":"open-shadow-","15":"open-shadow-hover-","17":"first","18":"instock","19":"sale","20":"shipping-taxable","21":"purchasable","22":"product-type-variable"},"jetpack_sharing_enabled":true,"_links":{"self":[{"href":"https:\/\/www.deporteseli.com\/index.php?rest_route=\/wp\/v2\/product\/74146","targetHints":{"allow":["GET"]}}],"collection":[{"href":"https:\/\/www.deporteseli.com\/index.php?rest_route=\/wp\/v2\/product"}],"about":[{"href":"https:\/\/www.deporteseli.com\/index.php?rest_route=\/wp\/v2\/types\/product"}],"wp:featuredmedia":[{"embeddable":true,"href":"https:\/\/www.deporteseli.com\/index.php?rest_route=\/wp\/v2\/media\/74148"}],"wp:attachment":[{"href":"https:\/\/www.deporteseli.com\/index.php?rest_route=%2Fwp%2Fv2%2Fmedia&parent=74146"}],"wp:term":[{"taxonomy":"product_brand","embeddable":true,"href":"https:\/\/www.deporteseli.com\/index.php?rest_route=%2Fwp%2Fv2%2Fproduct_brand&post=74146"},{"taxonomy":"product_cat","embeddable":true,"href":"https:\/\/www.deporteseli.com\/index.php?rest_route=%2Fwp%2Fv2%2Fproduct_cat&post=74146"},{"taxonomy":"product_tag","embeddable":true,"href":"https:\/\/www.deporteseli.com\/index.php?rest_route=%2Fwp%2Fv2%2Fproduct_tag&post=74146"}],"curies":[{"name":"wp","href":"https:\/\/api.w.org\/{rel}","templated":true}]}}