{"id":74131,"date":"2026-04-06T09:08:05","date_gmt":"2026-04-06T09:08:05","guid":{"rendered":"https:\/\/www.deporteseli.com\/?product=pala-babolat-counter-viper-26"},"modified":"2026-04-18T04:21:35","modified_gmt":"2026-04-18T04:21:35","slug":"pala-babolat-counter-viper-26","status":"publish","type":"product","link":"https:\/\/www.deporteseli.com\/?product=pala-babolat-counter-viper-26","title":{"rendered":"PALA BABOLAT COUNTER VIPER 26"},"content":{"rendered":"<p>La Babolat Counter Viper 2026 est\u00e1 pensada para el jugador contraatacante que domina el punto con cabeza fr\u00eda y decide cu\u00e1ndo acelerar. Una pala de precisi\u00f3n absoluta, con un plus de reactividad y potencia para transformar la defensa en ataque en el momento justo. Caracter\u00edsticas principales y tecnolog\u00edas Forma redonda   punto dulce amplio: m\u00e1ximo control para colocar la bola donde t\u00fa quieras. Carbono 3K en la superficie: potencia reactiva y respuesta inmediata en cada golpe. N\u00facleo X-EVA: equilibrio perfecto entre salida de bola, control y explosividad. Holes Pattern System: distribuci\u00f3n optimizada de los agujeros para mayor precisi\u00f3n y estabilidad. 3D Spin : relieve y acabado rugoso que facilitan efectos m\u00e1s marcados y mayor control. Vibrabsorb System\u00b2 (Powered by SMAC): absorci\u00f3n avanzada de vibraciones gracias a elast\u00f3meros integrados en el coraz\u00f3n y el mango, aportando confort y reduciendo el riesgo de molestias. Smart Buttcap: cord\u00f3n extra\u00edble e intercambiable para una personalizaci\u00f3n total. Conclusi\u00f3n Si tu estilo es construir el punto con paciencia y decidirlo con contundencia, la Counter Viper 2026 es tu aliada. Precisa, c\u00f3moda y reactiva, una pala dise\u00f1ada para jugadores exigentes que quieren controlar el juego sin renunciar a la potencia cuando llega el momento de cerrar el punto.                                                                                                                                                                                                                                                                                                                                                                                                                                                                                                                                                                                                                                                                                                                                                                                                                                                                                                                                                                                                                                        <\/p>\n","protected":false},"excerpt":{"rendered":"<p>PALA BABOLAT COUNTER VIPER 26<\/p>\n","protected":false},"featured_media":74133,"template":"","meta":[],"product_brand":[],"product_cat":[353],"product_tag":[84],"class_list":{"0":"post-74131","1":"product","2":"type-product","3":"status-publish","4":"has-post-thumbnail","6":"product_cat-padel_y_tenis_palas","7":"product_tag-babolat","8":"pa_color-unico","9":"pa_talla-unica","10":"thunk-woo-product-list","11":"opn-qv-enable","12":"open-woo-hover-","13":"open-single-product-tab-horizontal","14":"open-shadow-","15":"open-shadow-hover-","17":"first","18":"instock","19":"sale","20":"shipping-taxable","21":"purchasable","22":"product-type-variable"},"jetpack_sharing_enabled":true,"_links":{"self":[{"href":"https:\/\/www.deporteseli.com\/index.php?rest_route=\/wp\/v2\/product\/74131","targetHints":{"allow":["GET"]}}],"collection":[{"href":"https:\/\/www.deporteseli.com\/index.php?rest_route=\/wp\/v2\/product"}],"about":[{"href":"https:\/\/www.deporteseli.com\/index.php?rest_route=\/wp\/v2\/types\/product"}],"wp:featuredmedia":[{"embeddable":true,"href":"https:\/\/www.deporteseli.com\/index.php?rest_route=\/wp\/v2\/media\/74133"}],"wp:attachment":[{"href":"https:\/\/www.deporteseli.com\/index.php?rest_route=%2Fwp%2Fv2%2Fmedia&parent=74131"}],"wp:term":[{"taxonomy":"product_brand","embeddable":true,"href":"https:\/\/www.deporteseli.com\/index.php?rest_route=%2Fwp%2Fv2%2Fproduct_brand&post=74131"},{"taxonomy":"product_cat","embeddable":true,"href":"https:\/\/www.deporteseli.com\/index.php?rest_route=%2Fwp%2Fv2%2Fproduct_cat&post=74131"},{"taxonomy":"product_tag","embeddable":true,"href":"https:\/\/www.deporteseli.com\/index.php?rest_route=%2Fwp%2Fv2%2Fproduct_tag&post=74131"}],"curies":[{"name":"wp","href":"https:\/\/api.w.org\/{rel}","templated":true}]}}