{"id":74125,"date":"2026-04-06T09:07:45","date_gmt":"2026-04-06T09:07:45","guid":{"rendered":"https:\/\/www.deporteseli.com\/?product=pala-babolat-air-viper-26"},"modified":"2026-04-18T04:21:34","modified_gmt":"2026-04-18T04:21:34","slug":"pala-babolat-air-viper-26","status":"publish","type":"product","link":"https:\/\/www.deporteseli.com\/?product=pala-babolat-air-viper-26","title":{"rendered":"PALA BABOLAT AIR VIPER 26"},"content":{"rendered":"<p>Descripci\u00f3n  Nuestra pala Air Viper est\u00e1 dise\u00f1ada para ofrecerte una manejabilidad extrema y una reactividad excepcional, cualidades esenciales para un verdadero jugador din\u00e1mico. Con esta pala, podr\u00e1s aprovechar cada oportunidad para subir a la red, utilizando tu velocidad para generar una potencia explosiva que sorprender\u00e1 a tus oponentes.    En esta versi\u00f3n mejorada, la Air Viper no solo amplifica la sensaci\u00f3n de potencia, sino que tambi\u00e9n incorpora una mayor tolerancia gracias a su nueva forma, que proporciona una superficie de impacto m\u00e1s amplia. Esto permite golpes m\u00e1s firmes y precisos, manteniendo la ligereza, caracter\u00edstica que la convierte en una de las palas m\u00e1s din\u00e1micas del mercado.    Adem\u00e1s, hemos a\u00f1adido un acabado extra rugoso que te ayudar\u00e1 a imprimir efectos espectaculares a la bola, brind\u00e1ndote a\u00fan m\u00e1s herramientas para dominar cada punto. Su estabilidad mejorada asegura un gran rendimiento incluso en los momentos m\u00e1s intensos del juego.     Con la Air Viper, ser\u00e1s imparable en el aire y en la red!                                                                                                                                                                                                                                                                                                                                                                                                                                                                                                                                                                                                                                                                                                                                                                                                                                                                                                                                                                                                                                        <\/p>\n","protected":false},"excerpt":{"rendered":"<p>PALA BABOLAT AIR VIPER 26<\/p>\n","protected":false},"featured_media":74127,"template":"","meta":[],"product_brand":[],"product_cat":[353],"product_tag":[84],"class_list":{"0":"post-74125","1":"product","2":"type-product","3":"status-publish","4":"has-post-thumbnail","6":"product_cat-padel_y_tenis_palas","7":"product_tag-babolat","8":"pa_color-unico","9":"pa_talla-unica","10":"thunk-woo-product-list","11":"opn-qv-enable","12":"open-woo-hover-","13":"open-single-product-tab-horizontal","14":"open-shadow-","15":"open-shadow-hover-","17":"first","18":"instock","19":"sale","20":"shipping-taxable","21":"purchasable","22":"product-type-variable"},"jetpack_sharing_enabled":true,"_links":{"self":[{"href":"https:\/\/www.deporteseli.com\/index.php?rest_route=\/wp\/v2\/product\/74125","targetHints":{"allow":["GET"]}}],"collection":[{"href":"https:\/\/www.deporteseli.com\/index.php?rest_route=\/wp\/v2\/product"}],"about":[{"href":"https:\/\/www.deporteseli.com\/index.php?rest_route=\/wp\/v2\/types\/product"}],"wp:featuredmedia":[{"embeddable":true,"href":"https:\/\/www.deporteseli.com\/index.php?rest_route=\/wp\/v2\/media\/74127"}],"wp:attachment":[{"href":"https:\/\/www.deporteseli.com\/index.php?rest_route=%2Fwp%2Fv2%2Fmedia&parent=74125"}],"wp:term":[{"taxonomy":"product_brand","embeddable":true,"href":"https:\/\/www.deporteseli.com\/index.php?rest_route=%2Fwp%2Fv2%2Fproduct_brand&post=74125"},{"taxonomy":"product_cat","embeddable":true,"href":"https:\/\/www.deporteseli.com\/index.php?rest_route=%2Fwp%2Fv2%2Fproduct_cat&post=74125"},{"taxonomy":"product_tag","embeddable":true,"href":"https:\/\/www.deporteseli.com\/index.php?rest_route=%2Fwp%2Fv2%2Fproduct_tag&post=74125"}],"curies":[{"name":"wp","href":"https:\/\/api.w.org\/{rel}","templated":true}]}}