{"id":74119,"date":"2026-04-06T09:06:50","date_gmt":"2026-04-06T09:06:50","guid":{"rendered":"https:\/\/www.deporteseli.com\/?product=pala-babolat-viper-technical"},"modified":"2026-04-06T09:06:52","modified_gmt":"2026-04-06T09:06:52","slug":"pala-babolat-viper-technical","status":"publish","type":"product","link":"https:\/\/www.deporteseli.com\/?product=pala-babolat-viper-technical","title":{"rendered":"PALA BABOLAT VIPER TECHNICAL"},"content":{"rendered":"<p>La Babolat Technical Viper 2026 es una pala dise\u00f1ada para jugadores atacantes t\u00e9cnicos que buscan potencia extrema, reactividad inmediata y estabilidad total en cada golpe. Su forma de diamante y balance hacia la cabeza est\u00e1n pensados para dominar el juego ofensivo y marcar diferencias en los momentos clave del partido. Caracter\u00edsticas principales y tecnolog\u00edas Potencia explosiva: la combinaci\u00f3n de Carbono 3K en la superficie y la tecnolog\u00eda Carbon Power Layer (l\u00e1mina de carbono integrada en el n\u00facleo) maximiza la transferencia de energ\u00eda, logrando remates m\u00e1s potentes y decisivos. Alta reactividad y estabilidad: el Dynamic Stability System, con barra central reforzada en el coraz\u00f3n, aporta mayor rigidez, estabilidad y control incluso en golpes de alta intensidad. Confort avanzado: el Vibrabsorb System\u00b2 powered by SMAC, con elast\u00f3meros integrados en el coraz\u00f3n y el mango, reduce eficazmente las vibraciones, mejorando la comodidad y ayudando a prevenir molestias en el brazo. Efectos y precisi\u00f3n: su acabado rugoso facilita golpes con efecto, a\u00f1adiendo una ventaja extra al juego ofensivo. Conclusi\u00f3n La Babolat Technical Viper 2026 es la elecci\u00f3n perfecta para jugadores competitivos que quieren imponer su ritmo, golpear con m\u00e1xima potencia y mantener el control en cada punto. Una pala de alto rendimiento creada para quienes no solo juegan para ganar, sino para dominar la pista.  Env\u00edos                                                                                                                                                                                                                                                                                                                                                                                                                                                                                                                                                                                                                                                                                                                                                                                                                                                                                                                                                                                                                                        <\/p>\n","protected":false},"excerpt":{"rendered":"<p>PALA BABOLAT VIPER TECHNICAL<\/p>\n","protected":false},"featured_media":74121,"template":"","meta":[],"product_brand":[],"product_cat":[353],"product_tag":[84],"class_list":{"0":"post-74119","1":"product","2":"type-product","3":"status-publish","4":"has-post-thumbnail","6":"product_cat-padel_y_tenis_palas","7":"product_tag-babolat","8":"pa_color-unico","9":"pa_talla-unica","10":"thunk-woo-product-list","11":"opn-qv-enable","12":"open-woo-hover-","13":"open-single-product-tab-horizontal","14":"open-shadow-","15":"open-shadow-hover-","17":"first","18":"instock","19":"sale","20":"shipping-taxable","21":"purchasable","22":"product-type-variable"},"jetpack_sharing_enabled":true,"_links":{"self":[{"href":"https:\/\/www.deporteseli.com\/index.php?rest_route=\/wp\/v2\/product\/74119","targetHints":{"allow":["GET"]}}],"collection":[{"href":"https:\/\/www.deporteseli.com\/index.php?rest_route=\/wp\/v2\/product"}],"about":[{"href":"https:\/\/www.deporteseli.com\/index.php?rest_route=\/wp\/v2\/types\/product"}],"wp:featuredmedia":[{"embeddable":true,"href":"https:\/\/www.deporteseli.com\/index.php?rest_route=\/wp\/v2\/media\/74121"}],"wp:attachment":[{"href":"https:\/\/www.deporteseli.com\/index.php?rest_route=%2Fwp%2Fv2%2Fmedia&parent=74119"}],"wp:term":[{"taxonomy":"product_brand","embeddable":true,"href":"https:\/\/www.deporteseli.com\/index.php?rest_route=%2Fwp%2Fv2%2Fproduct_brand&post=74119"},{"taxonomy":"product_cat","embeddable":true,"href":"https:\/\/www.deporteseli.com\/index.php?rest_route=%2Fwp%2Fv2%2Fproduct_cat&post=74119"},{"taxonomy":"product_tag","embeddable":true,"href":"https:\/\/www.deporteseli.com\/index.php?rest_route=%2Fwp%2Fv2%2Fproduct_tag&post=74119"}],"curies":[{"name":"wp","href":"https:\/\/api.w.org\/{rel}","templated":true}]}}