{"id":73258,"date":"2026-03-26T11:11:33","date_gmt":"2026-03-26T11:11:33","guid":{"rendered":"https:\/\/www.deporteseli.com\/?product=short-adidas-kd0391"},"modified":"2026-03-26T11:11:38","modified_gmt":"2026-03-26T11:11:38","slug":"short-adidas-kd0391","status":"publish","type":"product","link":"https:\/\/www.deporteseli.com\/?product=short-adidas-kd0391","title":{"rendered":"SHORT ADIDAS KD0391"},"content":{"rendered":"<p>Descubre el pantal\u00f3n corto D4T Essentials, que ofrece estilo y rendimiento a partes iguales. Est\u00e1 dise\u00f1ado con innovadoras costuras Formotion que se adaptan a tus movimientos para que puedas concentrarte en tus objetivos y que nada te detenga.  La tecnolog\u00eda Climacool mantiene la piel fresca y seca, y expulsa el sudor para que puedas concentrarte en tu entrenamiento. No importa si vas al gimnasio o a hacer recados, este pantal\u00f3n corto te ofrece comodidad y funcionalidad.  Se ha confeccionado en un material de secado r\u00e1pido que mantiene la piel seca y garantiza la comodidad y, adem\u00e1s, no descuida el estilo. Adoptamos el esp\u00edritu de adidas con una ropa deportiva que marca estilo.                                                                                                                                                                                                                                                                                                                                                                                                                                                                                                                                                                                                                                                                                                                                                                                                                                                                                                                                                                                                                                        <\/p>\n","protected":false},"excerpt":{"rendered":"<p>SHORT ADIDAS KD0391<\/p>\n","protected":false},"featured_media":73263,"template":"","meta":[],"product_brand":[],"product_cat":[251],"product_tag":[18],"class_list":{"0":"post-73258","1":"product","2":"type-product","3":"status-publish","4":"has-post-thumbnail","6":"product_cat-hombre_textil_shorts","7":"product_tag-adidas","8":"pa_color-unico","9":"pa_talla-l","10":"pa_talla-m","11":"pa_talla-s","12":"pa_talla-xl","13":"thunk-woo-product-list","14":"opn-qv-enable","15":"open-woo-hover-","16":"open-single-product-tab-horizontal","17":"open-shadow-","18":"open-shadow-hover-","20":"first","21":"instock","22":"shipping-taxable","23":"purchasable","24":"product-type-variable"},"jetpack_sharing_enabled":true,"_links":{"self":[{"href":"https:\/\/www.deporteseli.com\/index.php?rest_route=\/wp\/v2\/product\/73258","targetHints":{"allow":["GET"]}}],"collection":[{"href":"https:\/\/www.deporteseli.com\/index.php?rest_route=\/wp\/v2\/product"}],"about":[{"href":"https:\/\/www.deporteseli.com\/index.php?rest_route=\/wp\/v2\/types\/product"}],"wp:featuredmedia":[{"embeddable":true,"href":"https:\/\/www.deporteseli.com\/index.php?rest_route=\/wp\/v2\/media\/73263"}],"wp:attachment":[{"href":"https:\/\/www.deporteseli.com\/index.php?rest_route=%2Fwp%2Fv2%2Fmedia&parent=73258"}],"wp:term":[{"taxonomy":"product_brand","embeddable":true,"href":"https:\/\/www.deporteseli.com\/index.php?rest_route=%2Fwp%2Fv2%2Fproduct_brand&post=73258"},{"taxonomy":"product_cat","embeddable":true,"href":"https:\/\/www.deporteseli.com\/index.php?rest_route=%2Fwp%2Fv2%2Fproduct_cat&post=73258"},{"taxonomy":"product_tag","embeddable":true,"href":"https:\/\/www.deporteseli.com\/index.php?rest_route=%2Fwp%2Fv2%2Fproduct_tag&post=73258"}],"curies":[{"name":"wp","href":"https:\/\/api.w.org\/{rel}","templated":true}]}}