{"id":73208,"date":"2026-03-26T11:08:17","date_gmt":"2026-03-26T11:08:17","guid":{"rendered":"https:\/\/www.deporteseli.com\/?product=calcetines-adidas-kd1716"},"modified":"2026-04-23T04:18:22","modified_gmt":"2026-04-23T04:18:22","slug":"calcetines-adidas-kd1716","status":"publish","type":"product","link":"https:\/\/www.deporteseli.com\/?product=calcetines-adidas-kd1716","title":{"rendered":"CALCETINES ADIDAS KD1716"},"content":{"rendered":"<p>El paquete de 3 pares de calcetines deportivos Linear Cushioned Socks ofrece comodidad y estilo a partes iguales. Dise\u00f1ados con la marca adidas Linear, estos calcetines unisex est\u00e1n pensados ??para el uso diario. Su acolchado proporciona una sensaci\u00f3n suave y c\u00f3moda, y el paquete de tres pares te garantiza estar siempre listo para salir con comodidad. Fabricados con materiales reciclados y renovables, son una opci\u00f3n sostenible para tu armario diario.  75% Algod\u00f3n\/22% Poli\u00e9ster reciclado\/2% Elastano\/1% Poliamida reciclada                                                                                                                                                                                                                                                                                                                                                                                                                                                                                                                                                                                                                                                                                                                                                                                                                                                                                                                                                                                                                                        <\/p>\n","protected":false},"excerpt":{"rendered":"<p>CALCETINES ADIDAS KD1716<\/p>\n","protected":false},"featured_media":73215,"template":"","meta":[],"product_brand":[],"product_cat":[400],"product_tag":[18],"class_list":{"0":"post-73208","1":"product","2":"type-product","3":"status-publish","4":"has-post-thumbnail","6":"product_cat-accesorios_calcetines","7":"product_tag-adidas","8":"pa_color-unico","9":"pa_talla-l","10":"pa_talla-m","11":"pa_talla-s","12":"pa_talla-t-12","13":"pa_talla-t-14","14":"pa_talla-xs","15":"thunk-woo-product-list","16":"opn-qv-enable","17":"open-woo-hover-","18":"open-single-product-tab-horizontal","19":"open-shadow-","20":"open-shadow-hover-","22":"first","23":"instock","24":"shipping-taxable","25":"purchasable","26":"product-type-variable"},"jetpack_sharing_enabled":true,"_links":{"self":[{"href":"https:\/\/www.deporteseli.com\/index.php?rest_route=\/wp\/v2\/product\/73208","targetHints":{"allow":["GET"]}}],"collection":[{"href":"https:\/\/www.deporteseli.com\/index.php?rest_route=\/wp\/v2\/product"}],"about":[{"href":"https:\/\/www.deporteseli.com\/index.php?rest_route=\/wp\/v2\/types\/product"}],"wp:featuredmedia":[{"embeddable":true,"href":"https:\/\/www.deporteseli.com\/index.php?rest_route=\/wp\/v2\/media\/73215"}],"wp:attachment":[{"href":"https:\/\/www.deporteseli.com\/index.php?rest_route=%2Fwp%2Fv2%2Fmedia&parent=73208"}],"wp:term":[{"taxonomy":"product_brand","embeddable":true,"href":"https:\/\/www.deporteseli.com\/index.php?rest_route=%2Fwp%2Fv2%2Fproduct_brand&post=73208"},{"taxonomy":"product_cat","embeddable":true,"href":"https:\/\/www.deporteseli.com\/index.php?rest_route=%2Fwp%2Fv2%2Fproduct_cat&post=73208"},{"taxonomy":"product_tag","embeddable":true,"href":"https:\/\/www.deporteseli.com\/index.php?rest_route=%2Fwp%2Fv2%2Fproduct_tag&post=73208"}],"curies":[{"name":"wp","href":"https:\/\/api.w.org\/{rel}","templated":true}]}}