{"id":73185,"date":"2026-03-26T10:52:30","date_gmt":"2026-03-26T10:52:30","guid":{"rendered":"https:\/\/www.deporteseli.com\/?product=top-adidas-ka4730"},"modified":"2026-04-02T04:19:33","modified_gmt":"2026-04-02T04:19:33","slug":"top-adidas-ka4730","status":"publish","type":"product","link":"https:\/\/www.deporteseli.com\/?product=top-adidas-ka4730","title":{"rendered":"TOP ADIDAS KA4730"},"content":{"rendered":"<p>El sujetador de entrenamiento para alto impacto Optime Essentials es la elecci\u00f3n perfecta para tus entrenamientos de medio impacto. Dise\u00f1ado para que te sientas c\u00f3moda y segura, incorpora una espalda cruzada que garantiza libertad de movimiento, permiti\u00e9ndote centrarte en tu sesi\u00f3n sin distracciones.  La tecnolog\u00eda Climacool evacua y dispersa el sudor, manteniendo la piel fresca y seca para que puedas concentrarte. El tejido transpirable se siente suave y fresco sobre la piel, mientras que los bordes limpios reducen las rozaduras durante las sesiones largas de entrenamiento.  Con una banda el\u00e1stica inferior y licra a\u00f1adida, este sujetador adidas Essentials se adapta a tu cuerpo para un ajuste personalizado. Las nuevas copas extra\u00edbles antideslizantes en forma de gota proporcionan estabilidad y evitan el movimiento de las almohadillas. El sistema de tallaje alfa simplificado facilita la compra, permiti\u00e9ndote concentrarte en entrenar.                                                                                                                                                                                                                                                                                                                                                                                                                                                                                                                                                                                                                                                                                                                                                                                                                                                                                                                                                                                                                                        <\/p>\n","protected":false},"excerpt":{"rendered":"<p>TOP ADIDAS KA4730<\/p>\n","protected":false},"featured_media":73189,"template":"","meta":[],"product_brand":[],"product_cat":[275],"product_tag":[18],"class_list":{"0":"post-73185","1":"product","2":"type-product","3":"status-publish","4":"has-post-thumbnail","6":"product_cat-mujer_textil_top","7":"product_tag-adidas","8":"pa_color-unico","9":"pa_talla-m","10":"pa_talla-s","11":"pa_talla-xs","12":"thunk-woo-product-list","13":"opn-qv-enable","14":"open-woo-hover-","15":"open-single-product-tab-horizontal","16":"open-shadow-","17":"open-shadow-hover-","19":"first","20":"instock","21":"shipping-taxable","22":"purchasable","23":"product-type-variable"},"jetpack_sharing_enabled":true,"_links":{"self":[{"href":"https:\/\/www.deporteseli.com\/index.php?rest_route=\/wp\/v2\/product\/73185","targetHints":{"allow":["GET"]}}],"collection":[{"href":"https:\/\/www.deporteseli.com\/index.php?rest_route=\/wp\/v2\/product"}],"about":[{"href":"https:\/\/www.deporteseli.com\/index.php?rest_route=\/wp\/v2\/types\/product"}],"wp:featuredmedia":[{"embeddable":true,"href":"https:\/\/www.deporteseli.com\/index.php?rest_route=\/wp\/v2\/media\/73189"}],"wp:attachment":[{"href":"https:\/\/www.deporteseli.com\/index.php?rest_route=%2Fwp%2Fv2%2Fmedia&parent=73185"}],"wp:term":[{"taxonomy":"product_brand","embeddable":true,"href":"https:\/\/www.deporteseli.com\/index.php?rest_route=%2Fwp%2Fv2%2Fproduct_brand&post=73185"},{"taxonomy":"product_cat","embeddable":true,"href":"https:\/\/www.deporteseli.com\/index.php?rest_route=%2Fwp%2Fv2%2Fproduct_cat&post=73185"},{"taxonomy":"product_tag","embeddable":true,"href":"https:\/\/www.deporteseli.com\/index.php?rest_route=%2Fwp%2Fv2%2Fproduct_tag&post=73185"}],"curies":[{"name":"wp","href":"https:\/\/api.w.org\/{rel}","templated":true}]}}