{"id":73162,"date":"2026-03-26T10:50:22","date_gmt":"2026-03-26T10:50:22","guid":{"rendered":"https:\/\/www.deporteseli.com\/?product=short-adidas-je9016"},"modified":"2026-03-26T13:28:47","modified_gmt":"2026-03-26T13:28:47","slug":"short-adidas-je9016","status":"publish","type":"product","link":"https:\/\/www.deporteseli.com\/?product=short-adidas-je9016","title":{"rendered":"SHORT ADIDAS JE9016"},"content":{"rendered":"<p>Luce un look impecable mientras disfrutas de tu tiempo libre en casa o haces recados por la ciudad gracias a este pantal\u00f3n corto adidas. Presenta un tejido t\u00e9cnico ligero en combinaci\u00f3n con un corte cl\u00e1sico para ofrecerte una comodidad excepcional. El logotipo de adidas en la pernera le aporta el toque deportivo final.  Este producto se ha fabricado con un 100% de materiales reciclados. Utilizando materiales reciclados, reducimos los residuos, nuestra dependencia de los recursos finitos y la huella que generan los productos que fabricamos.                                                                                                                                                                                                                                                                                                                                                                                                                                                                                                                                                                                                                                                                                                                                                                                                                                                                                                                                                                                                                                        <\/p>\n","protected":false},"excerpt":{"rendered":"<p>SHORT ADIDAS JE9016<\/p>\n","protected":false},"featured_media":73167,"template":"","meta":[],"product_brand":[],"product_cat":[251],"product_tag":[18],"class_list":{"0":"post-73162","1":"product","2":"type-product","3":"status-publish","4":"has-post-thumbnail","6":"product_cat-hombre_textil_shorts","7":"product_tag-adidas","8":"pa_color-unico","9":"pa_talla-l","10":"pa_talla-m","11":"pa_talla-s","12":"pa_talla-xl","13":"thunk-woo-product-list","14":"opn-qv-enable","15":"open-woo-hover-","16":"open-single-product-tab-horizontal","17":"open-shadow-","18":"open-shadow-hover-","20":"first","21":"instock","22":"shipping-taxable","23":"purchasable","24":"product-type-variable"},"jetpack_sharing_enabled":true,"_links":{"self":[{"href":"https:\/\/www.deporteseli.com\/index.php?rest_route=\/wp\/v2\/product\/73162","targetHints":{"allow":["GET"]}}],"collection":[{"href":"https:\/\/www.deporteseli.com\/index.php?rest_route=\/wp\/v2\/product"}],"about":[{"href":"https:\/\/www.deporteseli.com\/index.php?rest_route=\/wp\/v2\/types\/product"}],"wp:featuredmedia":[{"embeddable":true,"href":"https:\/\/www.deporteseli.com\/index.php?rest_route=\/wp\/v2\/media\/73167"}],"wp:attachment":[{"href":"https:\/\/www.deporteseli.com\/index.php?rest_route=%2Fwp%2Fv2%2Fmedia&parent=73162"}],"wp:term":[{"taxonomy":"product_brand","embeddable":true,"href":"https:\/\/www.deporteseli.com\/index.php?rest_route=%2Fwp%2Fv2%2Fproduct_brand&post=73162"},{"taxonomy":"product_cat","embeddable":true,"href":"https:\/\/www.deporteseli.com\/index.php?rest_route=%2Fwp%2Fv2%2Fproduct_cat&post=73162"},{"taxonomy":"product_tag","embeddable":true,"href":"https:\/\/www.deporteseli.com\/index.php?rest_route=%2Fwp%2Fv2%2Fproduct_tag&post=73162"}],"curies":[{"name":"wp","href":"https:\/\/api.w.org\/{rel}","templated":true}]}}