{"id":73135,"date":"2026-03-26T10:48:31","date_gmt":"2026-03-26T10:48:31","guid":{"rendered":"https:\/\/www.deporteseli.com\/?product=tenis-adidas-ie8580"},"modified":"2026-04-18T04:21:29","modified_gmt":"2026-04-18T04:21:29","slug":"tenis-adidas-ie8580","status":"publish","type":"product","link":"https:\/\/www.deporteseli.com\/?product=tenis-adidas-ie8580","title":{"rendered":"TENIS ADIDAS IE8580"},"content":{"rendered":"<p>Esta zapatilla adidas infantil, deportiva y \u00e1gil, sigue el ritmo a los peques que nunca paran. El empeine ligero incorpora un forro suave y la amortiguaci\u00f3n Cloudfoam ofrece una sujeci\u00f3n c\u00f3moda durante todo el d\u00eda. Calzarse para salir es m\u00e1s sencillo que nunca gracias a los cordones el\u00e1sticos y la correa autoadherente, que tu peque puede abrochar en un instante.                                                                                                                                                                                                                                                                                                                                                                                                                                                                                                                                                                                                                                                                                                                                                                                                                                                                                                                                                                                                                                        <\/p>\n","protected":false},"excerpt":{"rendered":"<p>TENIS ADIDAS IE8580<\/p>\n","protected":false},"featured_media":73425,"template":"","meta":[],"product_brand":[],"product_cat":[390],"product_tag":[18],"class_list":{"0":"post-73135","1":"product","2":"type-product","3":"status-publish","4":"has-post-thumbnail","6":"product_cat-ninas_calzado_running","7":"product_tag-adidas","8":"pa_color-unico","9":"pa_talla-125","10":"pa_talla-127","11":"pa_talla-129","12":"pa_talla-131","13":"pa_talla-133","14":"pa_talla-135","15":"pa_talla-137","16":"pa_talla-139","17":"thunk-woo-product-list","18":"opn-qv-enable","19":"open-woo-hover-","20":"open-single-product-tab-horizontal","21":"open-shadow-","22":"open-shadow-hover-","24":"first","25":"instock","26":"shipping-taxable","27":"purchasable","28":"product-type-variable"},"jetpack_sharing_enabled":true,"_links":{"self":[{"href":"https:\/\/www.deporteseli.com\/index.php?rest_route=\/wp\/v2\/product\/73135","targetHints":{"allow":["GET"]}}],"collection":[{"href":"https:\/\/www.deporteseli.com\/index.php?rest_route=\/wp\/v2\/product"}],"about":[{"href":"https:\/\/www.deporteseli.com\/index.php?rest_route=\/wp\/v2\/types\/product"}],"wp:featuredmedia":[{"embeddable":true,"href":"https:\/\/www.deporteseli.com\/index.php?rest_route=\/wp\/v2\/media\/73425"}],"wp:attachment":[{"href":"https:\/\/www.deporteseli.com\/index.php?rest_route=%2Fwp%2Fv2%2Fmedia&parent=73135"}],"wp:term":[{"taxonomy":"product_brand","embeddable":true,"href":"https:\/\/www.deporteseli.com\/index.php?rest_route=%2Fwp%2Fv2%2Fproduct_brand&post=73135"},{"taxonomy":"product_cat","embeddable":true,"href":"https:\/\/www.deporteseli.com\/index.php?rest_route=%2Fwp%2Fv2%2Fproduct_cat&post=73135"},{"taxonomy":"product_tag","embeddable":true,"href":"https:\/\/www.deporteseli.com\/index.php?rest_route=%2Fwp%2Fv2%2Fproduct_tag&post=73135"}],"curies":[{"name":"wp","href":"https:\/\/api.w.org\/{rel}","templated":true}]}}