{"id":73103,"date":"2026-03-26T10:41:21","date_gmt":"2026-03-26T10:41:21","guid":{"rendered":"https:\/\/www.deporteseli.com\/?product=tenis-adidas-ih3592"},"modified":"2026-04-07T04:19:00","modified_gmt":"2026-04-07T04:19:00","slug":"tenis-adidas-ih3592","status":"publish","type":"product","link":"https:\/\/www.deporteseli.com\/?product=tenis-adidas-ih3592","title":{"rendered":"TENIS ADIDAS IH3592"},"content":{"rendered":"<p>Siente la comodidad  Cuando est\u00e1s siempre en movimiento, necesitas un calzado que pueda seguirte el ritmo. Esta zapatilla de running adidas para j\u00f3venes deportistas se ha dise\u00f1ado para acompa\u00f1arte en tus d\u00edas m\u00e1s ajetreados. La mediasuela LIGHTMOTION se ha optimizado para potenciar tus movimientos din\u00e1micos mientras corres o caminas. El empeine de malla acolchada, ligera y transpirable mantiene los pies c\u00f3modos de la ma\u00f1ana a la noche. La suela de goma te proporciona la tracci\u00f3n que necesitas para desafiar tus l\u00edmites.    Este producto contiene al menos un 20% de materiales reciclados. Utilizando materiales reciclados, reducimos los residuos, nuestra dependencia de los recursos finitos y la huella que generan los productos que fabricamos.  Horma cl\u00e1sica  Cierre de cordones  Empeine de malla acolchada  Amortiguaci\u00f3n LIGHTMOTION  Suela de goma  Contiene al menos un 20% de material reciclado  Color del art\u00edculo: Core Black \/ Cloud White \/ Grey  N\u00famero de art\u00edculo: IH3592                                                                                                                                                                                                                                                                                                                                                                                                                                                                                                                                                                                                                                                                                                                                                                                                                                                                                                                                                                                                                                        <\/p>\n","protected":false},"excerpt":{"rendered":"<p>TENIS ADIDAS IH3592<\/p>\n","protected":false},"featured_media":73114,"template":"","meta":[],"product_brand":[],"product_cat":[285],"product_tag":[18],"class_list":{"0":"post-73103","1":"product","2":"type-product","3":"status-publish","4":"has-post-thumbnail","6":"product_cat-mujer_calzado_running","7":"product_tag-adidas","8":"pa_color-unico","9":"pa_talla-141","10":"pa_talla-36-5","11":"pa_talla-37-5","12":"pa_talla-145","13":"pa_talla-38-5","14":"pa_talla-39-5","15":"pa_talla-149","16":"thunk-woo-product-list","17":"opn-qv-enable","18":"open-woo-hover-","19":"open-single-product-tab-horizontal","20":"open-shadow-","21":"open-shadow-hover-","23":"first","24":"instock","25":"shipping-taxable","26":"purchasable","27":"product-type-variable"},"jetpack_sharing_enabled":true,"_links":{"self":[{"href":"https:\/\/www.deporteseli.com\/index.php?rest_route=\/wp\/v2\/product\/73103","targetHints":{"allow":["GET"]}}],"collection":[{"href":"https:\/\/www.deporteseli.com\/index.php?rest_route=\/wp\/v2\/product"}],"about":[{"href":"https:\/\/www.deporteseli.com\/index.php?rest_route=\/wp\/v2\/types\/product"}],"wp:featuredmedia":[{"embeddable":true,"href":"https:\/\/www.deporteseli.com\/index.php?rest_route=\/wp\/v2\/media\/73114"}],"wp:attachment":[{"href":"https:\/\/www.deporteseli.com\/index.php?rest_route=%2Fwp%2Fv2%2Fmedia&parent=73103"}],"wp:term":[{"taxonomy":"product_brand","embeddable":true,"href":"https:\/\/www.deporteseli.com\/index.php?rest_route=%2Fwp%2Fv2%2Fproduct_brand&post=73103"},{"taxonomy":"product_cat","embeddable":true,"href":"https:\/\/www.deporteseli.com\/index.php?rest_route=%2Fwp%2Fv2%2Fproduct_cat&post=73103"},{"taxonomy":"product_tag","embeddable":true,"href":"https:\/\/www.deporteseli.com\/index.php?rest_route=%2Fwp%2Fv2%2Fproduct_tag&post=73103"}],"curies":[{"name":"wp","href":"https:\/\/api.w.org\/{rel}","templated":true}]}}