{"id":73089,"date":"2026-03-26T10:40:45","date_gmt":"2026-03-26T10:40:45","guid":{"rendered":"https:\/\/www.deporteseli.com\/?product=tenis-adidas-jr6623"},"modified":"2026-04-24T04:17:56","modified_gmt":"2026-04-24T04:17:56","slug":"tenis-adidas-jr6623","status":"publish","type":"product","link":"https:\/\/www.deporteseli.com\/?product=tenis-adidas-jr6623","title":{"rendered":"TENIS ADIDAS JR6623"},"content":{"rendered":"<p>Zapatilla que refleja el ambiente de los corredores de adidas de los a\u00f1os 60.  Esta zapatilla de running 60s 4.0 es tu opci\u00f3n ideal para lucir un estilo desenfadado en tu d\u00eda a d\u00eda. Con una mediasuela que proporciona amortiguaci\u00f3n y confort durante todo el d\u00eda y una vers\u00e1til parte superior, es una zapatilla que se ve tan bien como se siente. En el clip de TPU del tal\u00f3n se ve un sutil toque de tecnolog\u00eda de los a\u00f1os 80.  Horma cl\u00e1sica  Cordones  Empeine textil y de piel  Forro textil  Suela de goma  Color del art\u00edculo: Core White \/ Core Black \/ Off White  N\u00famero de art\u00edculo: JR6623                                                                                                                                                                                                                                                                                                                                                                                                                                                                                                                                                                                                                                                                                                                                                                                                                                                                                                                                                                                                                                        <\/p>\n","protected":false},"excerpt":{"rendered":"<p>TENIS ADIDAS JR6623<\/p>\n","protected":false},"featured_media":73098,"template":"","meta":[],"product_brand":[],"product_cat":[261],"product_tag":[18],"class_list":{"0":"post-73089","1":"product","2":"type-product","3":"status-publish","4":"has-post-thumbnail","6":"product_cat-hombre_calzado_casual","7":"product_tag-adidas","8":"pa_color-unico","9":"pa_talla-41-5","10":"pa_talla-153","11":"pa_talla-42-5","12":"pa_talla-43-5","13":"pa_talla-157","14":"pa_talla-44-5","15":"pa_talla-45-5","16":"pa_talla-161","17":"thunk-woo-product-list","18":"opn-qv-enable","19":"open-woo-hover-","20":"open-single-product-tab-horizontal","21":"open-shadow-","22":"open-shadow-hover-","24":"first","25":"instock","26":"shipping-taxable","27":"purchasable","28":"product-type-variable"},"jetpack_sharing_enabled":true,"_links":{"self":[{"href":"https:\/\/www.deporteseli.com\/index.php?rest_route=\/wp\/v2\/product\/73089","targetHints":{"allow":["GET"]}}],"collection":[{"href":"https:\/\/www.deporteseli.com\/index.php?rest_route=\/wp\/v2\/product"}],"about":[{"href":"https:\/\/www.deporteseli.com\/index.php?rest_route=\/wp\/v2\/types\/product"}],"wp:featuredmedia":[{"embeddable":true,"href":"https:\/\/www.deporteseli.com\/index.php?rest_route=\/wp\/v2\/media\/73098"}],"wp:attachment":[{"href":"https:\/\/www.deporteseli.com\/index.php?rest_route=%2Fwp%2Fv2%2Fmedia&parent=73089"}],"wp:term":[{"taxonomy":"product_brand","embeddable":true,"href":"https:\/\/www.deporteseli.com\/index.php?rest_route=%2Fwp%2Fv2%2Fproduct_brand&post=73089"},{"taxonomy":"product_cat","embeddable":true,"href":"https:\/\/www.deporteseli.com\/index.php?rest_route=%2Fwp%2Fv2%2Fproduct_cat&post=73089"},{"taxonomy":"product_tag","embeddable":true,"href":"https:\/\/www.deporteseli.com\/index.php?rest_route=%2Fwp%2Fv2%2Fproduct_tag&post=73089"}],"curies":[{"name":"wp","href":"https:\/\/api.w.org\/{rel}","templated":true}]}}