{"id":73075,"date":"2026-03-26T10:40:12","date_gmt":"2026-03-26T10:40:12","guid":{"rendered":"https:\/\/www.deporteseli.com\/?product=tenis-adidas-ih8614"},"modified":"2026-04-24T04:17:54","modified_gmt":"2026-04-24T04:17:54","slug":"tenis-adidas-ih8614","status":"publish","type":"product","link":"https:\/\/www.deporteseli.com\/?product=tenis-adidas-ih8614","title":{"rendered":"TENIS ADIDAS IH8614"},"content":{"rendered":"<p>Zapatillas vers\u00e1tiles que fluyen con tu d\u00eda.  Mantente \u00e1gil con estas zapatillas adidas. El exterior liviano con revestimientos de cuero mantiene el pie en su lugar, mientras que el forro interno suave te brinda comodidad. La amortiguaci\u00f3n Cloudfoam es liviana y receptiva para hacer m\u00e1s suaves tus pasos sin importar si est\u00e1s en el coraz\u00f3n de la ciudad o explorando alg\u00fan sendero en la naturaleza.  Ajuste cl\u00e1sico  Cierre de pasadores  Exterior de lona con refuerzos de cuero  Forro textil  Mediasuela Cloudfoam  Suela sint\u00e9tica  Color del art\u00edculo: Shadow Navy \/ Cloud White \/ Matte Silver  N\u00famero de art\u00edculo: IH8614                                                                                                                                                                                                                                                                                                                                                                                                                                                                                                                                                                                                                                                                                                                                                                                                                                                                                                                                                                                                                                        <\/p>\n","protected":false},"excerpt":{"rendered":"<p>TENIS ADIDAS IH8614<\/p>\n","protected":false},"featured_media":73085,"template":"","meta":[],"product_brand":[],"product_cat":[261],"product_tag":[18],"class_list":{"0":"post-73075","1":"product","2":"type-product","3":"status-publish","4":"has-post-thumbnail","6":"product_cat-hombre_calzado_casual","7":"product_tag-adidas","8":"pa_color-unico","9":"pa_talla-41-5","10":"pa_talla-153","11":"pa_talla-42-5","12":"pa_talla-43-5","13":"pa_talla-157","14":"pa_talla-44-5","15":"pa_talla-45-5","16":"pa_talla-161","17":"pa_talla-163","18":"pa_talla-164","19":"thunk-woo-product-list","20":"opn-qv-enable","21":"open-woo-hover-","22":"open-single-product-tab-horizontal","23":"open-shadow-","24":"open-shadow-hover-","26":"first","27":"instock","28":"shipping-taxable","29":"purchasable","30":"product-type-variable"},"jetpack_sharing_enabled":true,"_links":{"self":[{"href":"https:\/\/www.deporteseli.com\/index.php?rest_route=\/wp\/v2\/product\/73075","targetHints":{"allow":["GET"]}}],"collection":[{"href":"https:\/\/www.deporteseli.com\/index.php?rest_route=\/wp\/v2\/product"}],"about":[{"href":"https:\/\/www.deporteseli.com\/index.php?rest_route=\/wp\/v2\/types\/product"}],"wp:featuredmedia":[{"embeddable":true,"href":"https:\/\/www.deporteseli.com\/index.php?rest_route=\/wp\/v2\/media\/73085"}],"wp:attachment":[{"href":"https:\/\/www.deporteseli.com\/index.php?rest_route=%2Fwp%2Fv2%2Fmedia&parent=73075"}],"wp:term":[{"taxonomy":"product_brand","embeddable":true,"href":"https:\/\/www.deporteseli.com\/index.php?rest_route=%2Fwp%2Fv2%2Fproduct_brand&post=73075"},{"taxonomy":"product_cat","embeddable":true,"href":"https:\/\/www.deporteseli.com\/index.php?rest_route=%2Fwp%2Fv2%2Fproduct_cat&post=73075"},{"taxonomy":"product_tag","embeddable":true,"href":"https:\/\/www.deporteseli.com\/index.php?rest_route=%2Fwp%2Fv2%2Fproduct_tag&post=73075"}],"curies":[{"name":"wp","href":"https:\/\/api.w.org\/{rel}","templated":true}]}}