{"id":72791,"date":"2026-03-24T12:30:46","date_gmt":"2026-03-24T12:30:46","guid":{"rendered":"https:\/\/www.deporteseli.com\/?product=tenis-adidas-hq7282-technochaos-2000"},"modified":"2026-03-26T13:06:36","modified_gmt":"2026-03-26T13:06:36","slug":"tenis-adidas-hq7282-technochaos-2000","status":"publish","type":"product","link":"https:\/\/www.deporteseli.com\/?product=tenis-adidas-hq7282-technochaos-2000","title":{"rendered":"TENIS ADIDAS HQ7282 TECHNOCHAOS 2000"},"content":{"rendered":"<p>Ad\u00e9ntrate en un mundo de estilo nost\u00e1lgico con las zapatillas TECHNOCHAOS 2000. Inspiradas en las ic\u00f3nicas zapatillas de running de la era del a\u00f1o 2000, estas zapatillas ofrecen una parte superior de malla transpirable con superposiciones de piel sint\u00e9tica para un toque retro. La mediasuela Cloudfoam proporciona una amortiguaci\u00f3n suave y c\u00f3moda desde el primer paso hasta el \u00faltimo. Con una suela exterior de goma resistente, estas zapatillas son perfectas para tus aventuras urbanas informales. Abraza el legado del pasado con un toque moderno.                                                                                                                                                                                                                                                                                                                                                                                                                                                                                                                                                                                                                                                                                                                                                                                                                                                                                                                                                                                                                                        <\/p>\n","protected":false},"excerpt":{"rendered":"<p>TENIS ADIDAS HQ7282 TECHNOCHAOS 2000<\/p>\n","protected":false},"featured_media":73317,"template":"","meta":[],"product_brand":[],"product_cat":[259],"product_tag":[18],"class_list":{"0":"post-72791","1":"product","2":"type-product","3":"status-publish","4":"has-post-thumbnail","6":"product_cat-hombre_calzado_running","7":"product_tag-adidas","8":"pa_color-unico","9":"pa_talla-41-5","10":"pa_talla-153","11":"pa_talla-42-5","12":"pa_talla-43-5","13":"pa_talla-157","14":"pa_talla-44-5","15":"pa_talla-45-5","16":"pa_talla-161","17":"thunk-woo-product-list","18":"opn-qv-enable","19":"open-woo-hover-","20":"open-single-product-tab-horizontal","21":"open-shadow-","22":"open-shadow-hover-","24":"first","25":"instock","26":"shipping-taxable","27":"purchasable","28":"product-type-variable"},"jetpack_sharing_enabled":true,"_links":{"self":[{"href":"https:\/\/www.deporteseli.com\/index.php?rest_route=\/wp\/v2\/product\/72791","targetHints":{"allow":["GET"]}}],"collection":[{"href":"https:\/\/www.deporteseli.com\/index.php?rest_route=\/wp\/v2\/product"}],"about":[{"href":"https:\/\/www.deporteseli.com\/index.php?rest_route=\/wp\/v2\/types\/product"}],"wp:featuredmedia":[{"embeddable":true,"href":"https:\/\/www.deporteseli.com\/index.php?rest_route=\/wp\/v2\/media\/73317"}],"wp:attachment":[{"href":"https:\/\/www.deporteseli.com\/index.php?rest_route=%2Fwp%2Fv2%2Fmedia&parent=72791"}],"wp:term":[{"taxonomy":"product_brand","embeddable":true,"href":"https:\/\/www.deporteseli.com\/index.php?rest_route=%2Fwp%2Fv2%2Fproduct_brand&post=72791"},{"taxonomy":"product_cat","embeddable":true,"href":"https:\/\/www.deporteseli.com\/index.php?rest_route=%2Fwp%2Fv2%2Fproduct_cat&post=72791"},{"taxonomy":"product_tag","embeddable":true,"href":"https:\/\/www.deporteseli.com\/index.php?rest_route=%2Fwp%2Fv2%2Fproduct_tag&post=72791"}],"curies":[{"name":"wp","href":"https:\/\/api.w.org\/{rel}","templated":true}]}}