{"id":72758,"date":"2026-03-24T12:27:26","date_gmt":"2026-03-24T12:27:26","guid":{"rendered":"https:\/\/www.deporteseli.com\/?product=camisa-asics-2042a417-400"},"modified":"2026-03-24T12:27:30","modified_gmt":"2026-03-24T12:27:30","slug":"camisa-asics-2042a417-400","status":"publish","type":"product","link":"https:\/\/www.deporteseli.com\/?product=camisa-asics-2042a417-400","title":{"rendered":"CAMISA ASICS 2042A417-400"},"content":{"rendered":"<p>La camiseta de tirantes PADEL ALL OVER PRINT TANK se ha dise\u00f1ado para ofrecer comodidad en los partidos diarios.    Esta camiseta est\u00e1 confeccionada con un tejido suave y agradable de secado r\u00e1pido para que te concentres en la pista. Por otro lado, las costuras adelantadas reducen las rozaduras.    Adem\u00e1s, luce un gr\u00e1fico inspirado en patrones de estarcido e ilustraciones de nubes tradicionales de Jap\u00f3n. Este dise\u00f1o de temporada simboliza la circulaci\u00f3n del aire y su capacidad para proporcionar ventilaci\u00f3n y comodidad mientras te mueves.                                                                                                                                                                                                                                                                                                                                                                                                                                                                                                                                                                                                                                                                                                                                                                                                                                                                                                                                                                                                                                        <\/p>\n","protected":false},"excerpt":{"rendered":"<p>CAMISA ASICS 2042A417-400<\/p>\n","protected":false},"featured_media":72762,"template":"","meta":[],"product_brand":[],"product_cat":[364],"product_tag":[19],"class_list":{"0":"post-72758","1":"product","2":"type-product","3":"status-publish","4":"has-post-thumbnail","6":"product_cat-padel_y_tenis_textil_camisas","7":"product_tag-asics","8":"pa_color-unico","9":"pa_talla-l","10":"pa_talla-m","11":"pa_talla-s","12":"thunk-woo-product-list","13":"opn-qv-enable","14":"open-woo-hover-","15":"open-single-product-tab-horizontal","16":"open-shadow-","17":"open-shadow-hover-","19":"first","20":"instock","21":"shipping-taxable","22":"purchasable","23":"product-type-variable"},"jetpack_sharing_enabled":true,"_links":{"self":[{"href":"https:\/\/www.deporteseli.com\/index.php?rest_route=\/wp\/v2\/product\/72758","targetHints":{"allow":["GET"]}}],"collection":[{"href":"https:\/\/www.deporteseli.com\/index.php?rest_route=\/wp\/v2\/product"}],"about":[{"href":"https:\/\/www.deporteseli.com\/index.php?rest_route=\/wp\/v2\/types\/product"}],"wp:featuredmedia":[{"embeddable":true,"href":"https:\/\/www.deporteseli.com\/index.php?rest_route=\/wp\/v2\/media\/72762"}],"wp:attachment":[{"href":"https:\/\/www.deporteseli.com\/index.php?rest_route=%2Fwp%2Fv2%2Fmedia&parent=72758"}],"wp:term":[{"taxonomy":"product_brand","embeddable":true,"href":"https:\/\/www.deporteseli.com\/index.php?rest_route=%2Fwp%2Fv2%2Fproduct_brand&post=72758"},{"taxonomy":"product_cat","embeddable":true,"href":"https:\/\/www.deporteseli.com\/index.php?rest_route=%2Fwp%2Fv2%2Fproduct_cat&post=72758"},{"taxonomy":"product_tag","embeddable":true,"href":"https:\/\/www.deporteseli.com\/index.php?rest_route=%2Fwp%2Fv2%2Fproduct_tag&post=72758"}],"curies":[{"name":"wp","href":"https:\/\/api.w.org\/{rel}","templated":true}]}}