{"id":72749,"date":"2026-03-24T12:26:54","date_gmt":"2026-03-24T12:26:54","guid":{"rendered":"https:\/\/www.deporteseli.com\/?product=short-asics-2042a382-501"},"modified":"2026-03-24T12:26:59","modified_gmt":"2026-03-24T12:26:59","slug":"short-asics-2042a382-501","status":"publish","type":"product","link":"https:\/\/www.deporteseli.com\/?product=short-asics-2042a382-501","title":{"rendered":"SHORT ASICS 2042A382-501"},"content":{"rendered":"<p>Dise\u00f1o para el juego diario. El pantal\u00f3n corto PADEL 2-N-1 SHORT combina moda y funcionalidad con su dise\u00f1o de inspiraci\u00f3n japonesa y detalles espec\u00edficos de p\u00e1del. El pantal\u00f3n corto es un dise\u00f1o 2 en 1 y est\u00e1 confeccionado con un inserto de malla en la parte posterior y un tejido de secado r\u00e1pido para mejorar el control de la humedad. El pantal\u00f3n corto tambi\u00e9n cuenta con una cintura ancha y ajustable para un ajuste personalizado. Al menos el 50 % del material principal de la prenda est\u00e1 fabricado con materiales reciclados para reducir los residuos y las emisiones de carbono.                                                                                                                                                                                                                                                                                                                                                                                                                                                                                                                                                                                                                                                                                                                                                                                                                                                                                                                                                                                                                                        <\/p>\n","protected":false},"excerpt":{"rendered":"<p>SHORT ASICS 2042A382-501<\/p>\n","protected":false},"featured_media":72753,"template":"","meta":[],"product_brand":[],"product_cat":[365],"product_tag":[19],"class_list":{"0":"post-72749","1":"product","2":"type-product","3":"status-publish","4":"has-post-thumbnail","6":"product_cat-padel_y_tenis_textil_shorts","7":"product_tag-asics","8":"pa_color-unico","9":"pa_talla-l","10":"pa_talla-m","11":"pa_talla-s","12":"thunk-woo-product-list","13":"opn-qv-enable","14":"open-woo-hover-","15":"open-single-product-tab-horizontal","16":"open-shadow-","17":"open-shadow-hover-","19":"first","20":"instock","21":"shipping-taxable","22":"purchasable","23":"product-type-variable"},"jetpack_sharing_enabled":true,"_links":{"self":[{"href":"https:\/\/www.deporteseli.com\/index.php?rest_route=\/wp\/v2\/product\/72749","targetHints":{"allow":["GET"]}}],"collection":[{"href":"https:\/\/www.deporteseli.com\/index.php?rest_route=\/wp\/v2\/product"}],"about":[{"href":"https:\/\/www.deporteseli.com\/index.php?rest_route=\/wp\/v2\/types\/product"}],"wp:featuredmedia":[{"embeddable":true,"href":"https:\/\/www.deporteseli.com\/index.php?rest_route=\/wp\/v2\/media\/72753"}],"wp:attachment":[{"href":"https:\/\/www.deporteseli.com\/index.php?rest_route=%2Fwp%2Fv2%2Fmedia&parent=72749"}],"wp:term":[{"taxonomy":"product_brand","embeddable":true,"href":"https:\/\/www.deporteseli.com\/index.php?rest_route=%2Fwp%2Fv2%2Fproduct_brand&post=72749"},{"taxonomy":"product_cat","embeddable":true,"href":"https:\/\/www.deporteseli.com\/index.php?rest_route=%2Fwp%2Fv2%2Fproduct_cat&post=72749"},{"taxonomy":"product_tag","embeddable":true,"href":"https:\/\/www.deporteseli.com\/index.php?rest_route=%2Fwp%2Fv2%2Fproduct_tag&post=72749"}],"curies":[{"name":"wp","href":"https:\/\/api.w.org\/{rel}","templated":true}]}}