{"id":72740,"date":"2026-03-24T12:26:26","date_gmt":"2026-03-24T12:26:26","guid":{"rendered":"https:\/\/www.deporteseli.com\/?product=falda-asics-2042a381-300"},"modified":"2026-03-24T12:26:29","modified_gmt":"2026-03-24T12:26:29","slug":"falda-asics-2042a381-300","status":"publish","type":"product","link":"https:\/\/www.deporteseli.com\/?product=falda-asics-2042a381-300","title":{"rendered":"FALDA ASICS 2042A381-300"},"content":{"rendered":"<p>Dise\u00f1ada para el juego diario.    Esta falda para pista de p\u00e1del presenta un dise\u00f1o cl\u00e1sico de p\u00e1del y bloques de color atemporal para una variedad de partidos y entrenamientos. Cuenta con un forro interior integrado para mayor sujeci\u00f3n y un detalle de malla en la espalda para una mejor transpirabilidad. La falda tambi\u00e9n incluye un cord\u00f3n ajustable en la cintura para facilitar el ajuste, mientras que sus aberturas laterales permiten libertad de movimiento. Al menos el 50 % del material principal de la prenda est\u00e1 hecho con contenido reciclado para reducir los residuos y las emisiones de                                                                                                                                                                                                                                                                                                                                                                                                                                                                                                                                                                                                                                                                                                                                                                                                                                                                                                                                                                                                                                        <\/p>\n","protected":false},"excerpt":{"rendered":"<p>FALDA ASICS 2042A381-300<\/p>\n","protected":false},"featured_media":72743,"template":"","meta":[],"product_brand":[],"product_cat":[366],"product_tag":[19],"class_list":{"0":"post-72740","1":"product","2":"type-product","3":"status-publish","4":"has-post-thumbnail","6":"product_cat-padel_y_tenis_textil_faldas","7":"product_tag-asics","8":"pa_color-unico","9":"pa_talla-m","10":"pa_talla-s","11":"thunk-woo-product-list","12":"opn-qv-enable","13":"open-woo-hover-","14":"open-single-product-tab-horizontal","15":"open-shadow-","16":"open-shadow-hover-","18":"first","19":"instock","20":"sale","21":"shipping-taxable","22":"purchasable","23":"product-type-variable"},"jetpack_sharing_enabled":true,"_links":{"self":[{"href":"https:\/\/www.deporteseli.com\/index.php?rest_route=\/wp\/v2\/product\/72740","targetHints":{"allow":["GET"]}}],"collection":[{"href":"https:\/\/www.deporteseli.com\/index.php?rest_route=\/wp\/v2\/product"}],"about":[{"href":"https:\/\/www.deporteseli.com\/index.php?rest_route=\/wp\/v2\/types\/product"}],"wp:featuredmedia":[{"embeddable":true,"href":"https:\/\/www.deporteseli.com\/index.php?rest_route=\/wp\/v2\/media\/72743"}],"wp:attachment":[{"href":"https:\/\/www.deporteseli.com\/index.php?rest_route=%2Fwp%2Fv2%2Fmedia&parent=72740"}],"wp:term":[{"taxonomy":"product_brand","embeddable":true,"href":"https:\/\/www.deporteseli.com\/index.php?rest_route=%2Fwp%2Fv2%2Fproduct_brand&post=72740"},{"taxonomy":"product_cat","embeddable":true,"href":"https:\/\/www.deporteseli.com\/index.php?rest_route=%2Fwp%2Fv2%2Fproduct_cat&post=72740"},{"taxonomy":"product_tag","embeddable":true,"href":"https:\/\/www.deporteseli.com\/index.php?rest_route=%2Fwp%2Fv2%2Fproduct_tag&post=72740"}],"curies":[{"name":"wp","href":"https:\/\/api.w.org\/{rel}","templated":true}]}}