{"id":72722,"date":"2026-03-24T12:24:33","date_gmt":"2026-03-24T12:24:33","guid":{"rendered":"https:\/\/www.deporteseli.com\/?product=short-asics-2041a350-100"},"modified":"2026-03-24T12:24:38","modified_gmt":"2026-03-24T12:24:38","slug":"short-asics-2041a350-100","status":"publish","type":"product","link":"https:\/\/www.deporteseli.com\/?product=short-asics-2041a350-100","title":{"rendered":"SHORT ASICS 2041A350-100"},"content":{"rendered":"<p>Dise\u00f1ado para el juego diario.    Este pantal\u00f3n corto de p\u00e1del de 7 pulgadas presenta un dise\u00f1o cl\u00e1sico y atemporal, ideal para una variedad de partidos y entrenamientos. Est\u00e1 confeccionado con un tejido el\u00e1stico ligero. Adem\u00e1s, incluye bolsillos lo suficientemente amplios para guardar dos pelotas de tenis. Al menos el 50 % del material principal de la prenda est\u00e1 fabricado con materiales reciclados para reducir los residuos y las emisiones de carbono.                                                                                                                                                                                                                                                                                                                                                                                                                                                                                                                                                                                                                                                                                                                                                                                                                                                                                                                                                                                                                                        <\/p>\n","protected":false},"excerpt":{"rendered":"<p>SHORT ASICS 2041A350-100<\/p>\n","protected":false},"featured_media":72727,"template":"","meta":[],"product_brand":[],"product_cat":[365],"product_tag":[19],"class_list":{"0":"post-72722","1":"product","2":"type-product","3":"status-publish","4":"has-post-thumbnail","6":"product_cat-padel_y_tenis_textil_shorts","7":"product_tag-asics","8":"pa_color-unico","9":"pa_talla-l","10":"pa_talla-m","11":"pa_talla-s","12":"pa_talla-xl","13":"thunk-woo-product-list","14":"opn-qv-enable","15":"open-woo-hover-","16":"open-single-product-tab-horizontal","17":"open-shadow-","18":"open-shadow-hover-","20":"first","21":"instock","22":"shipping-taxable","23":"purchasable","24":"product-type-variable"},"jetpack_sharing_enabled":true,"_links":{"self":[{"href":"https:\/\/www.deporteseli.com\/index.php?rest_route=\/wp\/v2\/product\/72722","targetHints":{"allow":["GET"]}}],"collection":[{"href":"https:\/\/www.deporteseli.com\/index.php?rest_route=\/wp\/v2\/product"}],"about":[{"href":"https:\/\/www.deporteseli.com\/index.php?rest_route=\/wp\/v2\/types\/product"}],"wp:featuredmedia":[{"embeddable":true,"href":"https:\/\/www.deporteseli.com\/index.php?rest_route=\/wp\/v2\/media\/72727"}],"wp:attachment":[{"href":"https:\/\/www.deporteseli.com\/index.php?rest_route=%2Fwp%2Fv2%2Fmedia&parent=72722"}],"wp:term":[{"taxonomy":"product_brand","embeddable":true,"href":"https:\/\/www.deporteseli.com\/index.php?rest_route=%2Fwp%2Fv2%2Fproduct_brand&post=72722"},{"taxonomy":"product_cat","embeddable":true,"href":"https:\/\/www.deporteseli.com\/index.php?rest_route=%2Fwp%2Fv2%2Fproduct_cat&post=72722"},{"taxonomy":"product_tag","embeddable":true,"href":"https:\/\/www.deporteseli.com\/index.php?rest_route=%2Fwp%2Fv2%2Fproduct_tag&post=72722"}],"curies":[{"name":"wp","href":"https:\/\/api.w.org\/{rel}","templated":true}]}}