{"id":72694,"date":"2026-03-24T12:23:24","date_gmt":"2026-03-24T12:23:24","guid":{"rendered":"https:\/\/www.deporteseli.com\/?product=tenis-asics-1042a282-400-gel-game-ff-clay"},"modified":"2026-04-10T04:18:30","modified_gmt":"2026-04-10T04:18:30","slug":"tenis-asics-1042a282-400-gel-game-ff-clay","status":"publish","type":"product","link":"https:\/\/www.deporteseli.com\/?product=tenis-asics-1042a282-400-gel-game-ff-clay","title":{"rendered":"TENIS ASICS 1042A282-400 GEL GAME FF CLAY"},"content":{"rendered":"<p>En la pista:    Las zapatillas de tenis Asics Gel Game FF Terre Battue para mujer est\u00e1n fabricadas con una parte superior de malla reforzada con poliuretano para ofrecerte el m\u00e1ximo confort, ligereza y transpirabilidad sin restar durabilidad.  La innovaci\u00f3n en este modelo es el uso de Flytefoam en la entresuela, que proporciona una amortiguaci\u00f3n a\u00fan m\u00e1s c\u00f3moda y din\u00e1mica.  El refuerzo Trusstic estabiliza el mediopi\u00e9 para que te muevas con seguridad, mientras que la suela exterior de dos piezas proporciona un agarre excelente sin perder ligereza.    Caracter\u00edsticas t\u00e9cnicas:    &#8211; Entresuela Flytefoam: nuevo material desarrollado para mejorar la amortiguaci\u00f3n de la entresuela gracias a la incorporaci\u00f3n de fibras org\u00e1nicas y ofrecer mayor ligereza.  &#8211; Flex Grooves: Mejora la flexibilidad del antepi\u00e9.  &#8211; Hard EVA Twistruss: Combinaci\u00f3n de espuma amortiguadora y estabilizador del mediopi\u00e9.  &#8211; Split Sole: Suela en dos partes para una mayor ligereza.                                                                                                                                                                                                                                                                                                                                                                                                                                                                                                                                                                                                                                                                                                                                                                                                                                                                                                                                                                                                                                        <\/p>\n","protected":false},"excerpt":{"rendered":"<p>TENIS ASICS 1042A282-400 GEL GAME FF CLAY<\/p>\n","protected":false},"featured_media":72703,"template":"","meta":[],"product_brand":[],"product_cat":[371],"product_tag":[19],"class_list":{"0":"post-72694","1":"product","2":"type-product","3":"status-publish","4":"has-post-thumbnail","6":"product_cat-padel_y_tenis_calzado","7":"product_tag-asics","8":"pa_color-unico","9":"pa_talla-143","10":"pa_talla-37-5","11":"pa_talla-145","12":"pa_talla-147","13":"pa_talla-39-5","14":"pa_talla-149","15":"pa_talla-40-5","16":"pa_talla-41-5","17":"thunk-woo-product-list","18":"opn-qv-enable","19":"open-woo-hover-","20":"open-single-product-tab-horizontal","21":"open-shadow-","22":"open-shadow-hover-","24":"first","25":"instock","26":"shipping-taxable","27":"purchasable","28":"product-type-variable"},"jetpack_sharing_enabled":true,"_links":{"self":[{"href":"https:\/\/www.deporteseli.com\/index.php?rest_route=\/wp\/v2\/product\/72694","targetHints":{"allow":["GET"]}}],"collection":[{"href":"https:\/\/www.deporteseli.com\/index.php?rest_route=\/wp\/v2\/product"}],"about":[{"href":"https:\/\/www.deporteseli.com\/index.php?rest_route=\/wp\/v2\/types\/product"}],"wp:featuredmedia":[{"embeddable":true,"href":"https:\/\/www.deporteseli.com\/index.php?rest_route=\/wp\/v2\/media\/72703"}],"wp:attachment":[{"href":"https:\/\/www.deporteseli.com\/index.php?rest_route=%2Fwp%2Fv2%2Fmedia&parent=72694"}],"wp:term":[{"taxonomy":"product_brand","embeddable":true,"href":"https:\/\/www.deporteseli.com\/index.php?rest_route=%2Fwp%2Fv2%2Fproduct_brand&post=72694"},{"taxonomy":"product_cat","embeddable":true,"href":"https:\/\/www.deporteseli.com\/index.php?rest_route=%2Fwp%2Fv2%2Fproduct_cat&post=72694"},{"taxonomy":"product_tag","embeddable":true,"href":"https:\/\/www.deporteseli.com\/index.php?rest_route=%2Fwp%2Fv2%2Fproduct_tag&post=72694"}],"curies":[{"name":"wp","href":"https:\/\/api.w.org\/{rel}","templated":true}]}}