{"id":72665,"date":"2026-03-24T12:21:54","date_gmt":"2026-03-24T12:21:54","guid":{"rendered":"https:\/\/www.deporteseli.com\/?product=tenis-asics-1012b933-002"},"modified":"2026-03-24T12:22:05","modified_gmt":"2026-03-24T12:22:05","slug":"tenis-asics-1012b933-002","status":"publish","type":"product","link":"https:\/\/www.deporteseli.com\/?product=tenis-asics-1012b933-002","title":{"rendered":"TENIS ASICS 1012B933-002"},"content":{"rendered":"<p>La zapatilla GEL-VENTURE 11 se ha dise\u00f1ado para proporcionar una gran comodidad en su uso diario.    La amortiguaci\u00f3n AMPLIFOAM PLUS en la mediasuela est\u00e1 reforzada con una altura de 2 mm m\u00e1s. Gracias a estas novedades disfrutar\u00e1s de una mejor absorci\u00f3n de impactos y mayor comodidad durante todo el d\u00eda.    La parte superior tambi\u00e9n se ha modificado con detalles sin costuras para ofrecer un ajuste m\u00e1s c\u00f3modo.  Materiales y tecnolog\u00eda  Parte superior de malla.  Tecnolog\u00eda GEL en la parte posterior del pie  Material ubicado en la mediasuela de la zapatilla que aten\u00faa los impactos para lograr una mayor amortiguaci\u00f3n.  Amortiguaci\u00f3n AMPLIFOAM PLUS  Amortiguaci\u00f3n en la mediasuela que proporciona una pisada m\u00e1s suave y c\u00f3moda que la amortiguaci\u00f3n AMPLIFOAM est\u00e1ndar.  Plantilla OrthoLite Hybrid Max Lite  Est\u00e1 dise\u00f1ada para proporcionar propiedades avanzadas de control de la humedad, ventilaci\u00f3n y amortiguaci\u00f3n.  Suela de goma moldeada.  La plantilla se elabora mediante un proceso de te\u00f1ido en soluci\u00f3n, que reduce el consumo de agua en aproximadamente un 33 % y las emisiones de carbono en aproximadamente un 45 % en comparaci\u00f3n con el m\u00e9todo de te\u00f1ido convencional.                                                                                                                                                                                                                                                                                                                                                                                                                                                                                                                                                                                                                                                                                                                                                                                                                                                                                                                                                                                                                                        <\/p>\n","protected":false},"excerpt":{"rendered":"<p>TENIS ASICS 1012B933-002<\/p>\n","protected":false},"featured_media":72674,"template":"","meta":[],"product_brand":[],"product_cat":[286],"product_tag":[19],"class_list":{"0":"post-72665","1":"product","2":"type-product","3":"status-publish","4":"has-post-thumbnail","6":"product_cat-mujer_calzado_trail","7":"product_tag-asics","8":"pa_color-unico","9":"pa_talla-141","10":"pa_talla-143","11":"pa_talla-37-5","12":"pa_talla-145","13":"pa_talla-147","14":"pa_talla-39-5","15":"pa_talla-149","16":"pa_talla-40-5","17":"thunk-woo-product-list","18":"opn-qv-enable","19":"open-woo-hover-","20":"open-single-product-tab-horizontal","21":"open-shadow-","22":"open-shadow-hover-","24":"first","25":"instock","26":"shipping-taxable","27":"purchasable","28":"product-type-variable"},"jetpack_sharing_enabled":true,"_links":{"self":[{"href":"https:\/\/www.deporteseli.com\/index.php?rest_route=\/wp\/v2\/product\/72665","targetHints":{"allow":["GET"]}}],"collection":[{"href":"https:\/\/www.deporteseli.com\/index.php?rest_route=\/wp\/v2\/product"}],"about":[{"href":"https:\/\/www.deporteseli.com\/index.php?rest_route=\/wp\/v2\/types\/product"}],"wp:featuredmedia":[{"embeddable":true,"href":"https:\/\/www.deporteseli.com\/index.php?rest_route=\/wp\/v2\/media\/72674"}],"wp:attachment":[{"href":"https:\/\/www.deporteseli.com\/index.php?rest_route=%2Fwp%2Fv2%2Fmedia&parent=72665"}],"wp:term":[{"taxonomy":"product_brand","embeddable":true,"href":"https:\/\/www.deporteseli.com\/index.php?rest_route=%2Fwp%2Fv2%2Fproduct_brand&post=72665"},{"taxonomy":"product_cat","embeddable":true,"href":"https:\/\/www.deporteseli.com\/index.php?rest_route=%2Fwp%2Fv2%2Fproduct_cat&post=72665"},{"taxonomy":"product_tag","embeddable":true,"href":"https:\/\/www.deporteseli.com\/index.php?rest_route=%2Fwp%2Fv2%2Fproduct_tag&post=72665"}],"curies":[{"name":"wp","href":"https:\/\/api.w.org\/{rel}","templated":true}]}}