{"id":72638,"date":"2026-03-24T12:20:48","date_gmt":"2026-03-24T12:20:48","guid":{"rendered":"https:\/\/www.deporteseli.com\/?product=tenis-asics-1012b776-501"},"modified":"2026-03-31T04:18:36","modified_gmt":"2026-03-31T04:18:36","slug":"tenis-asics-1012b776-501","status":"publish","type":"product","link":"https:\/\/www.deporteseli.com\/?product=tenis-asics-1012b776-501","title":{"rendered":"TENIS ASICS 1012B776-501"},"content":{"rendered":"<p>La zapatilla DYNABLAST \u2122 5 est\u00e1 dise\u00f1ada para los entusiastas del fitness que buscan comodidad para sus carreras o entrenamientos. Una  parte superior de malla jacquard suave y dise\u00f1ada, junto con una leng\u00fceta de malla, mejoran el ajuste, la comodidad y la transpirabilidad de la zapatilla. La entresuela y la suela est\u00e1n dise\u00f1adas para enfocarse en la planta del pie y la zona de impacto del tal\u00f3n. Esto ayuda a crear un mayor retorno de energ\u00eda y un mayor rebote con una altura de la suela m\u00e1s baja.  Dise\u00f1ado para pronaci\u00f3n neutra\/subpronaci\u00f3n  Neutral  Tipo de pie  Arcos de tama\u00f1o normal  Quitar  Hay una distribuci\u00f3n uniforme desde la parte delantera del pie.  C\u00f3mo tu pie contacta con el suelo  El pie aterriza sobre la parte exterior del tal\u00f3n y luego gira hacia adentro (pronaci\u00f3n) para absorber el impacto y soportar el peso corporal.    Subpronaci\u00f3n  Tipo de pie  Arcos altos  Quitar  La presi\u00f3n recae sobre los dedos m\u00e1s peque\u00f1os de la parte exterior del pie.  C\u00f3mo tu pie contacta con el suelo  La parte exterior del tal\u00f3n golpea el suelo en un \u00e1ngulo mayor con poca o ninguna pronaci\u00f3n normal, lo que provoca una gran transmisi\u00f3n de impacto a trav\u00e9s de la parte inferior de la pierna.                                                                                                                                                                                                                                                                                                                                                                                                                                                                                                                                                                                                                                                                                                                                                                                                                                                                                                                                                                                                                                        <\/p>\n","protected":false},"excerpt":{"rendered":"<p>TENIS ASICS 1012B776-501<\/p>\n","protected":false},"featured_media":72646,"template":"","meta":[],"product_brand":[],"product_cat":[285],"product_tag":[19],"class_list":{"0":"post-72638","1":"product","2":"type-product","3":"status-publish","4":"has-post-thumbnail","6":"product_cat-mujer_calzado_running","7":"product_tag-asics","8":"pa_color-unico","9":"pa_talla-143","10":"pa_talla-145","11":"pa_talla-147","12":"pa_talla-39-5","13":"pa_talla-149","14":"pa_talla-40-5","15":"pa_talla-41-5","16":"thunk-woo-product-list","17":"opn-qv-enable","18":"open-woo-hover-","19":"open-single-product-tab-horizontal","20":"open-shadow-","21":"open-shadow-hover-","23":"first","24":"instock","25":"sale","26":"shipping-taxable","27":"purchasable","28":"product-type-variable"},"jetpack_sharing_enabled":true,"_links":{"self":[{"href":"https:\/\/www.deporteseli.com\/index.php?rest_route=\/wp\/v2\/product\/72638","targetHints":{"allow":["GET"]}}],"collection":[{"href":"https:\/\/www.deporteseli.com\/index.php?rest_route=\/wp\/v2\/product"}],"about":[{"href":"https:\/\/www.deporteseli.com\/index.php?rest_route=\/wp\/v2\/types\/product"}],"wp:featuredmedia":[{"embeddable":true,"href":"https:\/\/www.deporteseli.com\/index.php?rest_route=\/wp\/v2\/media\/72646"}],"wp:attachment":[{"href":"https:\/\/www.deporteseli.com\/index.php?rest_route=%2Fwp%2Fv2%2Fmedia&parent=72638"}],"wp:term":[{"taxonomy":"product_brand","embeddable":true,"href":"https:\/\/www.deporteseli.com\/index.php?rest_route=%2Fwp%2Fv2%2Fproduct_brand&post=72638"},{"taxonomy":"product_cat","embeddable":true,"href":"https:\/\/www.deporteseli.com\/index.php?rest_route=%2Fwp%2Fv2%2Fproduct_cat&post=72638"},{"taxonomy":"product_tag","embeddable":true,"href":"https:\/\/www.deporteseli.com\/index.php?rest_route=%2Fwp%2Fv2%2Fproduct_tag&post=72638"}],"curies":[{"name":"wp","href":"https:\/\/api.w.org\/{rel}","templated":true}]}}