{"id":72096,"date":"2026-03-19T11:36:17","date_gmt":"2026-03-19T11:36:17","guid":{"rendered":"https:\/\/www.deporteseli.com\/?product=tenis-puma-312414-06"},"modified":"2026-04-18T04:21:17","modified_gmt":"2026-04-18T04:21:17","slug":"tenis-puma-312414-06","status":"publish","type":"product","link":"https:\/\/www.deporteseli.com\/?product=tenis-puma-312414-06","title":{"rendered":"TENIS PUMA 312414-06"},"content":{"rendered":"<p>Dale a los pies de tu hijo la comodidad y el estilo que se merecen con las zapatillas Puma Juvenil Skyrocket 2 AC . Unisex e ideales para el d\u00eda a d\u00eda, estas zapatillas son la elecci\u00f3n perfecta para acompa\u00f1ar la energ\u00eda de los m\u00e1s peque\u00f1os en todas sus aventuras.    La parte superior, fabricada con materiales sint\u00e9ticos y textiles, ofrece durabilidad y un ajuste c\u00f3modo, mientras que el forro textil y la leng\u00fceta fina y suave proporcionan una comodidad excepcional a los pies en crecimiento. La plantilla extra\u00edble a\u00f1ade a\u00fan m\u00e1s practicidad y facilidad en la higiene del calzado.    La suela de goma garantiza un excelente agarre en diversas superficies, lo que garantiza una mayor seguridad para jugar y correr. El cierre con cordones el\u00e1sticos y tira adhesiva es una caracter\u00edstica diferenciadora que facilita el calzado y descalzado, lo que fomenta la autonom\u00eda de los m\u00e1s peque\u00f1os y garantiza un ajuste firme.                                                                                                                                                                                                                                                                                                                                                                                                                                                                                                                                                                                                                                                                                                                                                                                                                                                                                                                                                                                                                                        <\/p>\n","protected":false},"excerpt":{"rendered":"<p>TENIS PUMA 312414-06<\/p>\n","protected":false},"featured_media":72105,"template":"","meta":[],"product_brand":[],"product_cat":[390],"product_tag":[32],"class_list":{"0":"post-72096","1":"product","2":"type-product","3":"status-publish","4":"has-post-thumbnail","6":"product_cat-ninas_calzado_running","7":"product_tag-puma","8":"pa_color-unico","9":"pa_talla-125","10":"pa_talla-127","11":"pa_talla-129","12":"pa_talla-131","13":"pa_talla-133","14":"pa_talla-135","15":"pa_talla-137","16":"pa_talla-139","17":"thunk-woo-product-list","18":"opn-qv-enable","19":"open-woo-hover-","20":"open-single-product-tab-horizontal","21":"open-shadow-","22":"open-shadow-hover-","24":"first","25":"instock","26":"shipping-taxable","27":"purchasable","28":"product-type-variable"},"jetpack_sharing_enabled":true,"_links":{"self":[{"href":"https:\/\/www.deporteseli.com\/index.php?rest_route=\/wp\/v2\/product\/72096","targetHints":{"allow":["GET"]}}],"collection":[{"href":"https:\/\/www.deporteseli.com\/index.php?rest_route=\/wp\/v2\/product"}],"about":[{"href":"https:\/\/www.deporteseli.com\/index.php?rest_route=\/wp\/v2\/types\/product"}],"wp:featuredmedia":[{"embeddable":true,"href":"https:\/\/www.deporteseli.com\/index.php?rest_route=\/wp\/v2\/media\/72105"}],"wp:attachment":[{"href":"https:\/\/www.deporteseli.com\/index.php?rest_route=%2Fwp%2Fv2%2Fmedia&parent=72096"}],"wp:term":[{"taxonomy":"product_brand","embeddable":true,"href":"https:\/\/www.deporteseli.com\/index.php?rest_route=%2Fwp%2Fv2%2Fproduct_brand&post=72096"},{"taxonomy":"product_cat","embeddable":true,"href":"https:\/\/www.deporteseli.com\/index.php?rest_route=%2Fwp%2Fv2%2Fproduct_cat&post=72096"},{"taxonomy":"product_tag","embeddable":true,"href":"https:\/\/www.deporteseli.com\/index.php?rest_route=%2Fwp%2Fv2%2Fproduct_tag&post=72096"}],"curies":[{"name":"wp","href":"https:\/\/api.w.org\/{rel}","templated":true}]}}