{"id":72083,"date":"2026-03-19T11:35:40","date_gmt":"2026-03-19T11:35:40","guid":{"rendered":"https:\/\/www.deporteseli.com\/?product=tenis-puma-312414-01"},"modified":"2026-04-14T04:18:41","modified_gmt":"2026-04-14T04:18:41","slug":"tenis-puma-312414-01","status":"publish","type":"product","link":"https:\/\/www.deporteseli.com\/?product=tenis-puma-312414-01","title":{"rendered":"TENIS PUMA 312414-01"},"content":{"rendered":"<p>Las zapatillas PUMA Skyrocket para ni\u00f1os est\u00e1n dise\u00f1adas para peque\u00f1os aventureros listos para despegar. Con un dise\u00f1o divertido y atrevido, y comodidad durante todo el d\u00eda, estas zapatillas mantienen a los ni\u00f1os a la moda mientras juegan y exploran. Ya sea que corran, salten o simplemente se diviertan, las zapatillas Skyrocket est\u00e1n dise\u00f1adas para seguirles el ritmo a su energ\u00eda.  CARACTER\u00cdSTICAS Y BENEFICIOS  La parte superior de los zapatos est\u00e1 hecha con al menos un 30% de materiales reciclados.  SOFTFOAM : Plantilla c\u00f3moda de pisar dise\u00f1ada para proporcionar una amortiguaci\u00f3n suave gracias a su tal\u00f3n extra grueso  DETALLES  Ajuste regular  punta redondeada  Cierre: El\u00e1sticos y velcro  Tipo de tac\u00f3n: Plano  Entresuela de EVA ligera  INFORMACI\u00d3N MATERIAL  Entresuela: 100% sint\u00e9tico  Plantilla: 100% textil  Suela: 84,30% Caucho, 15,70% Sint\u00e9tico  Parte superior: 54,83 % sint\u00e9tico, 45,17 % textil  Forro: 100% Textil                                                                                                                                                                                                                                                                                                                                                                                                                                                                                                                                                                                                                                                                                                                                                                                                                                                                                                                                                                                                                                        <\/p>\n","protected":false},"excerpt":{"rendered":"<p>TENIS PUMA 312414-01<\/p>\n","protected":false},"featured_media":72092,"template":"","meta":[],"product_brand":[],"product_cat":[308],"product_tag":[32],"class_list":{"0":"post-72083","1":"product","2":"type-product","3":"status-publish","4":"has-post-thumbnail","6":"product_cat-nino_calzado_running","7":"product_tag-puma","8":"pa_color-unico","9":"pa_talla-125","10":"pa_talla-127","11":"pa_talla-129","12":"pa_talla-131","13":"pa_talla-133","14":"pa_talla-135","15":"pa_talla-137","16":"pa_talla-139","17":"thunk-woo-product-list","18":"opn-qv-enable","19":"open-woo-hover-","20":"open-single-product-tab-horizontal","21":"open-shadow-","22":"open-shadow-hover-","24":"first","25":"instock","26":"shipping-taxable","27":"purchasable","28":"product-type-variable"},"jetpack_sharing_enabled":true,"_links":{"self":[{"href":"https:\/\/www.deporteseli.com\/index.php?rest_route=\/wp\/v2\/product\/72083","targetHints":{"allow":["GET"]}}],"collection":[{"href":"https:\/\/www.deporteseli.com\/index.php?rest_route=\/wp\/v2\/product"}],"about":[{"href":"https:\/\/www.deporteseli.com\/index.php?rest_route=\/wp\/v2\/types\/product"}],"wp:featuredmedia":[{"embeddable":true,"href":"https:\/\/www.deporteseli.com\/index.php?rest_route=\/wp\/v2\/media\/72092"}],"wp:attachment":[{"href":"https:\/\/www.deporteseli.com\/index.php?rest_route=%2Fwp%2Fv2%2Fmedia&parent=72083"}],"wp:term":[{"taxonomy":"product_brand","embeddable":true,"href":"https:\/\/www.deporteseli.com\/index.php?rest_route=%2Fwp%2Fv2%2Fproduct_brand&post=72083"},{"taxonomy":"product_cat","embeddable":true,"href":"https:\/\/www.deporteseli.com\/index.php?rest_route=%2Fwp%2Fv2%2Fproduct_cat&post=72083"},{"taxonomy":"product_tag","embeddable":true,"href":"https:\/\/www.deporteseli.com\/index.php?rest_route=%2Fwp%2Fv2%2Fproduct_tag&post=72083"}],"curies":[{"name":"wp","href":"https:\/\/api.w.org\/{rel}","templated":true}]}}