{"id":72073,"date":"2026-03-19T11:35:05","date_gmt":"2026-03-19T11:35:05","guid":{"rendered":"https:\/\/www.deporteseli.com\/?product=tenis-puma-312413-06"},"modified":"2026-03-19T11:35:16","modified_gmt":"2026-03-19T11:35:16","slug":"tenis-puma-312413-06","status":"publish","type":"product","link":"https:\/\/www.deporteseli.com\/?product=tenis-puma-312413-06","title":{"rendered":"TENIS PUMA 312413-06"},"content":{"rendered":"<p>Sal a correr y disfruta de tus pasos con Skyrocket Lite. Conduce con fuerza gracias a la amortiguaci\u00f3n ultraligera PUMALITE y SOFTFOAM  para una sensaci\u00f3n de confort. El sistema de cordones FIT PLUS te mantiene en su lugar, mientras que la goma en toda su longitud garantiza agarre kil\u00f3metro tras kil\u00f3metro. Dise\u00f1adas para el asfalto, estas zapatillas ofrecen comodidad en cada zancada.    \u00bfBuscas la \u00faltima tecnolog\u00eda en comodidad, amortiguaci\u00f3n y estabilidad?  Echa un vistazo a nuestra selecci\u00f3n de zapatillas deportivas, dise\u00f1adas para llevar tu rendimiento al siguiente nivel. Las zapatillas deportivas que te ofrecemos son sin\u00f3nimo de innovaci\u00f3n y rendimiento, con tecnolog\u00edas avanzadas que te ayudar\u00e1n a alcanzar tus objetivos deportivos. Con un perfecto equilibrio entre funcionalidad, rendimiento y estilo.                                                                                                                                                                                                                                                                                                                                                                                                                                                                                                                                                                                                                                                                                                                                                                                                                                                                                                                                                                                                                                        <\/p>\n","protected":false},"excerpt":{"rendered":"<p>TENIS PUMA 312413-06<\/p>\n","protected":false},"featured_media":72079,"template":"","meta":[],"product_brand":[],"product_cat":[285],"product_tag":[32],"class_list":{"0":"post-72073","1":"product","2":"type-product","3":"status-publish","4":"has-post-thumbnail","6":"product_cat-mujer_calzado_running","7":"product_tag-puma","8":"pa_color-unico","9":"pa_talla-141","10":"pa_talla-143","11":"pa_talla-145","12":"pa_talla-38-5","13":"pa_talla-147","14":"thunk-woo-product-list","15":"opn-qv-enable","16":"open-woo-hover-","17":"open-single-product-tab-horizontal","18":"open-shadow-","19":"open-shadow-hover-","21":"first","22":"instock","23":"shipping-taxable","24":"purchasable","25":"product-type-variable"},"jetpack_sharing_enabled":true,"_links":{"self":[{"href":"https:\/\/www.deporteseli.com\/index.php?rest_route=\/wp\/v2\/product\/72073","targetHints":{"allow":["GET"]}}],"collection":[{"href":"https:\/\/www.deporteseli.com\/index.php?rest_route=\/wp\/v2\/product"}],"about":[{"href":"https:\/\/www.deporteseli.com\/index.php?rest_route=\/wp\/v2\/types\/product"}],"wp:featuredmedia":[{"embeddable":true,"href":"https:\/\/www.deporteseli.com\/index.php?rest_route=\/wp\/v2\/media\/72079"}],"wp:attachment":[{"href":"https:\/\/www.deporteseli.com\/index.php?rest_route=%2Fwp%2Fv2%2Fmedia&parent=72073"}],"wp:term":[{"taxonomy":"product_brand","embeddable":true,"href":"https:\/\/www.deporteseli.com\/index.php?rest_route=%2Fwp%2Fv2%2Fproduct_brand&post=72073"},{"taxonomy":"product_cat","embeddable":true,"href":"https:\/\/www.deporteseli.com\/index.php?rest_route=%2Fwp%2Fv2%2Fproduct_cat&post=72073"},{"taxonomy":"product_tag","embeddable":true,"href":"https:\/\/www.deporteseli.com\/index.php?rest_route=%2Fwp%2Fv2%2Fproduct_tag&post=72073"}],"curies":[{"name":"wp","href":"https:\/\/api.w.org\/{rel}","templated":true}]}}