{"id":72065,"date":"2026-03-19T11:34:29","date_gmt":"2026-03-19T11:34:29","guid":{"rendered":"https:\/\/www.deporteseli.com\/?product=short-puma-692030-16"},"modified":"2026-03-19T11:34:37","modified_gmt":"2026-03-19T11:34:37","slug":"short-puma-692030-16","status":"publish","type":"product","link":"https:\/\/www.deporteseli.com\/?product=short-puma-692030-16","title":{"rendered":"SHORT PUMA 692030-16"},"content":{"rendered":"<p>Elegantes, c\u00f3modas y siempre a la \u00faltima: las prendas PUMA Essentials est\u00e1n dise\u00f1adas para esos d\u00edas relajados. Desde descansar en casa hasta tomar un caf\u00e9 o estar siempre en movimiento, estas piezas ofrecen el equilibrio perfecto entre comodidad y estilo. Sencillas, vers\u00e1tiles y dise\u00f1adas para que te sientas bien todo el d\u00eda.      CARACTER\u00cdSTICAS Y BENEFICIOS  Fabricado con al menos un 50% de materiales reciclados.  DETALLES  Ajuste: Regular  Tipo de material principal: felpa francesa  Cierre: Cintura el\u00e1stica acanalada con cord\u00f3n ajustable.  Largo: Hasta la rodilla  Aumento: Medio  Bolsillos: Bolsillo lateral  Dise\u00f1o gr\u00e1fico para impresi\u00f3n                                                                                                                                                                                                                                                                                                                                                                                                                                                                                                                                                                                                                                                                                                                                                                                                                                                                                                                                                                                                                                        <\/p>\n","protected":false},"excerpt":{"rendered":"<p>SHORT PUMA 692030-16<\/p>\n","protected":false},"featured_media":72070,"template":"","meta":[],"product_brand":[],"product_cat":[250],"product_tag":[32],"class_list":{"0":"post-72065","1":"product","2":"type-product","3":"status-publish","4":"has-post-thumbnail","6":"product_cat-hombre_textil_bermudas","7":"product_tag-puma","8":"pa_color-unico","9":"pa_talla-l","10":"pa_talla-m","11":"pa_talla-s","12":"pa_talla-xl","13":"thunk-woo-product-list","14":"opn-qv-enable","15":"open-woo-hover-","16":"open-single-product-tab-horizontal","17":"open-shadow-","18":"open-shadow-hover-","20":"first","21":"instock","22":"shipping-taxable","23":"purchasable","24":"product-type-variable"},"jetpack_sharing_enabled":true,"_links":{"self":[{"href":"https:\/\/www.deporteseli.com\/index.php?rest_route=\/wp\/v2\/product\/72065","targetHints":{"allow":["GET"]}}],"collection":[{"href":"https:\/\/www.deporteseli.com\/index.php?rest_route=\/wp\/v2\/product"}],"about":[{"href":"https:\/\/www.deporteseli.com\/index.php?rest_route=\/wp\/v2\/types\/product"}],"wp:featuredmedia":[{"embeddable":true,"href":"https:\/\/www.deporteseli.com\/index.php?rest_route=\/wp\/v2\/media\/72070"}],"wp:attachment":[{"href":"https:\/\/www.deporteseli.com\/index.php?rest_route=%2Fwp%2Fv2%2Fmedia&parent=72065"}],"wp:term":[{"taxonomy":"product_brand","embeddable":true,"href":"https:\/\/www.deporteseli.com\/index.php?rest_route=%2Fwp%2Fv2%2Fproduct_brand&post=72065"},{"taxonomy":"product_cat","embeddable":true,"href":"https:\/\/www.deporteseli.com\/index.php?rest_route=%2Fwp%2Fv2%2Fproduct_cat&post=72065"},{"taxonomy":"product_tag","embeddable":true,"href":"https:\/\/www.deporteseli.com\/index.php?rest_route=%2Fwp%2Fv2%2Fproduct_tag&post=72065"}],"curies":[{"name":"wp","href":"https:\/\/api.w.org\/{rel}","templated":true}]}}