{"id":72024,"date":"2026-03-19T11:31:53","date_gmt":"2026-03-19T11:31:53","guid":{"rendered":"https:\/\/www.deporteseli.com\/?product=camisa-puma-691773-02"},"modified":"2026-03-20T05:20:39","modified_gmt":"2026-03-20T05:20:39","slug":"camisa-puma-691773-02","status":"publish","type":"product","link":"https:\/\/www.deporteseli.com\/?product=camisa-puma-691773-02","title":{"rendered":"CAMISA PUMA 691773-02"},"content":{"rendered":"<p>La colecci\u00f3n de camisetas gr\u00e1ficas de PUMA combina dise\u00f1os creativos con un estilo sencillo, creando prendas c\u00f3modas que marcan tendencia. Desde estampados abstractos hasta logotipos ic\u00f3nicos, cada dise\u00f1o aporta un toque \u00fanico. No importa ad\u00f3nde te lleve el d\u00eda, estas camisetas gr\u00e1ficas realzan tu estilo con un aire desenfadado.      CARACTER\u00cdSTICAS Y BENEFICIOS  Fabricado con al menos un 20% de algod\u00f3n reciclado.  DETALLES  Ajuste: Regular  Tipo de material principal: Jersey sencillo  Cuello: Cuello redondo  Mangas cortas  Longitud: Regular                                                                                                                                                                                                                                                                                                                                                                                                                                                                                                                                                                                                                                                                                                                                                                                                                                                                                                                                                                                                                                        <\/p>\n","protected":false},"excerpt":{"rendered":"<p>CAMISA PUMA 691773-02<\/p>\n","protected":false},"featured_media":72029,"template":"","meta":[],"product_brand":[],"product_cat":[245],"product_tag":[32],"class_list":{"0":"post-72024","1":"product","2":"type-product","3":"status-publish","4":"has-post-thumbnail","6":"product_cat-hombre_textil_camisetas","7":"product_tag-puma","8":"pa_color-unico","9":"pa_talla-l","10":"pa_talla-m","11":"pa_talla-s","12":"pa_talla-xl","13":"thunk-woo-product-list","14":"opn-qv-enable","15":"open-woo-hover-","16":"open-single-product-tab-horizontal","17":"open-shadow-","18":"open-shadow-hover-","20":"first","21":"instock","22":"shipping-taxable","23":"purchasable","24":"product-type-variable"},"jetpack_sharing_enabled":true,"_links":{"self":[{"href":"https:\/\/www.deporteseli.com\/index.php?rest_route=\/wp\/v2\/product\/72024","targetHints":{"allow":["GET"]}}],"collection":[{"href":"https:\/\/www.deporteseli.com\/index.php?rest_route=\/wp\/v2\/product"}],"about":[{"href":"https:\/\/www.deporteseli.com\/index.php?rest_route=\/wp\/v2\/types\/product"}],"wp:featuredmedia":[{"embeddable":true,"href":"https:\/\/www.deporteseli.com\/index.php?rest_route=\/wp\/v2\/media\/72029"}],"wp:attachment":[{"href":"https:\/\/www.deporteseli.com\/index.php?rest_route=%2Fwp%2Fv2%2Fmedia&parent=72024"}],"wp:term":[{"taxonomy":"product_brand","embeddable":true,"href":"https:\/\/www.deporteseli.com\/index.php?rest_route=%2Fwp%2Fv2%2Fproduct_brand&post=72024"},{"taxonomy":"product_cat","embeddable":true,"href":"https:\/\/www.deporteseli.com\/index.php?rest_route=%2Fwp%2Fv2%2Fproduct_cat&post=72024"},{"taxonomy":"product_tag","embeddable":true,"href":"https:\/\/www.deporteseli.com\/index.php?rest_route=%2Fwp%2Fv2%2Fproduct_tag&post=72024"}],"curies":[{"name":"wp","href":"https:\/\/api.w.org\/{rel}","templated":true}]}}