{"id":71980,"date":"2026-03-19T11:29:17","date_gmt":"2026-03-19T11:29:17","guid":{"rendered":"https:\/\/www.deporteseli.com\/?product=camisa-puma-686071-25"},"modified":"2026-03-19T11:29:22","modified_gmt":"2026-03-19T11:29:22","slug":"camisa-puma-686071-25","status":"publish","type":"product","link":"https:\/\/www.deporteseli.com\/?product=camisa-puma-686071-25","title":{"rendered":"CAMISA PUMA 686071-25"},"content":{"rendered":"<p>Derrocha estilo con esta camiseta corta, con un llamativo logo de PUMA estampado en goma y cuello redondo de canal\u00e9. Ideal para quienes aman mezclar comodidad y estilo sin esfuerzo.  Prep\u00e1rate para afrontar el d\u00eda con confianza!    CARACTER\u00cdSTICAS   BENEFICIOS  Producto fabricado con al menos un 20 % de algod\u00f3n reciclado  DETALLES  Corte holgado  Punto simple  Corta  Cuello redondo  Manga corta  Detalles de la marca PUMA  PUMA Juvenil: Recomendado para ni\u00f1os y adolescentes de 8 a 16 a\u00f1os  INFORMACI\u00d3N DE MATERIAL  Exterior: 100% Algod\u00f3n  Cuello: 70% Algod\u00f3n, 30% Poli\u00e9ster                                                                                                                                                                                                                                                                                                                                                                                                                                                                                                                                                                                                                                                                                                                                                                                                                                                                                                                                                                                                                                        <\/p>\n","protected":false},"excerpt":{"rendered":"<p>CAMISA PUMA 686071-25<\/p>\n","protected":false},"featured_media":71984,"template":"","meta":[],"product_brand":[],"product_cat":[376],"product_tag":[32],"class_list":{"0":"post-71980","1":"product","2":"type-product","3":"status-publish","4":"has-post-thumbnail","6":"product_cat-ninas_textil_camisetas","7":"product_tag-puma","8":"pa_color-unico","9":"pa_talla-t-10","10":"pa_talla-t-12","11":"pa_talla-t-14","12":"thunk-woo-product-list","13":"opn-qv-enable","14":"open-woo-hover-","15":"open-single-product-tab-horizontal","16":"open-shadow-","17":"open-shadow-hover-","19":"first","20":"instock","21":"shipping-taxable","22":"purchasable","23":"product-type-variable"},"jetpack_sharing_enabled":true,"_links":{"self":[{"href":"https:\/\/www.deporteseli.com\/index.php?rest_route=\/wp\/v2\/product\/71980","targetHints":{"allow":["GET"]}}],"collection":[{"href":"https:\/\/www.deporteseli.com\/index.php?rest_route=\/wp\/v2\/product"}],"about":[{"href":"https:\/\/www.deporteseli.com\/index.php?rest_route=\/wp\/v2\/types\/product"}],"wp:featuredmedia":[{"embeddable":true,"href":"https:\/\/www.deporteseli.com\/index.php?rest_route=\/wp\/v2\/media\/71984"}],"wp:attachment":[{"href":"https:\/\/www.deporteseli.com\/index.php?rest_route=%2Fwp%2Fv2%2Fmedia&parent=71980"}],"wp:term":[{"taxonomy":"product_brand","embeddable":true,"href":"https:\/\/www.deporteseli.com\/index.php?rest_route=%2Fwp%2Fv2%2Fproduct_brand&post=71980"},{"taxonomy":"product_cat","embeddable":true,"href":"https:\/\/www.deporteseli.com\/index.php?rest_route=%2Fwp%2Fv2%2Fproduct_cat&post=71980"},{"taxonomy":"product_tag","embeddable":true,"href":"https:\/\/www.deporteseli.com\/index.php?rest_route=%2Fwp%2Fv2%2Fproduct_tag&post=71980"}],"curies":[{"name":"wp","href":"https:\/\/api.w.org\/{rel}","templated":true}]}}