{"id":71964,"date":"2026-03-19T11:28:22","date_gmt":"2026-03-19T11:28:22","guid":{"rendered":"https:\/\/www.deporteseli.com\/?product=camisa-puma-685778-40"},"modified":"2026-03-19T11:28:30","modified_gmt":"2026-03-19T11:28:30","slug":"camisa-puma-685778-40","status":"publish","type":"product","link":"https:\/\/www.deporteseli.com\/?product=camisa-puma-685778-40","title":{"rendered":"CAMISA PUMA 685778-40"},"content":{"rendered":"<p>HISTORIA DEL PRODUCTO  A\u00f1ade un toque de energ\u00eda a tu armario con esta camiseta, con un llamativo logo PUMA bicolor estampado en goma. Dise\u00f1ada para destacar, es la mezcla perfecta de estilo informal y moderno.  Haz que cada d\u00eda sea un d\u00eda PUMA!    DETALLES  Ajuste est\u00e1ndar  Punto simple  Largo est\u00e1ndar  Cuello redondo  Manga corta  Detalles de la marca PUMA  PUMA Juvenil: Recomendado para ni\u00f1os y adolescentes de 8 a 16 a\u00f1os  INSTRUCCIONES DE CUIDADO  Decoraci\u00f3n exclusiva  Lavar Con Colores Similares  Utilizar Detergente Especial Para Prendas De Color  Lavar Y Planchar La Prenda Por El Lado Del Rev\u00e9s  No limpiar en seco                                                                                                                                                                                                                                                                                                                                                                                                                                                                                                                                                                                                                                                                                                                                                                                                                                                                                                                                                                                                                                        <\/p>\n","protected":false},"excerpt":{"rendered":"<p>CAMISA PUMA 685778-40<\/p>\n","protected":false},"featured_media":71970,"template":"","meta":[],"product_brand":[],"product_cat":[296],"product_tag":[32],"class_list":{"0":"post-71964","1":"product","2":"type-product","3":"status-publish","4":"has-post-thumbnail","6":"product_cat-nino_textil_camisetas","7":"product_tag-puma","8":"pa_color-unico","9":"pa_talla-t-10","10":"pa_talla-t-12","11":"pa_talla-t-14","12":"pa_talla-t-16","13":"pa_talla-t-8","14":"thunk-woo-product-list","15":"opn-qv-enable","16":"open-woo-hover-","17":"open-single-product-tab-horizontal","18":"open-shadow-","19":"open-shadow-hover-","21":"first","22":"instock","23":"shipping-taxable","24":"purchasable","25":"product-type-variable"},"jetpack_sharing_enabled":true,"_links":{"self":[{"href":"https:\/\/www.deporteseli.com\/index.php?rest_route=\/wp\/v2\/product\/71964","targetHints":{"allow":["GET"]}}],"collection":[{"href":"https:\/\/www.deporteseli.com\/index.php?rest_route=\/wp\/v2\/product"}],"about":[{"href":"https:\/\/www.deporteseli.com\/index.php?rest_route=\/wp\/v2\/types\/product"}],"wp:featuredmedia":[{"embeddable":true,"href":"https:\/\/www.deporteseli.com\/index.php?rest_route=\/wp\/v2\/media\/71970"}],"wp:attachment":[{"href":"https:\/\/www.deporteseli.com\/index.php?rest_route=%2Fwp%2Fv2%2Fmedia&parent=71964"}],"wp:term":[{"taxonomy":"product_brand","embeddable":true,"href":"https:\/\/www.deporteseli.com\/index.php?rest_route=%2Fwp%2Fv2%2Fproduct_brand&post=71964"},{"taxonomy":"product_cat","embeddable":true,"href":"https:\/\/www.deporteseli.com\/index.php?rest_route=%2Fwp%2Fv2%2Fproduct_cat&post=71964"},{"taxonomy":"product_tag","embeddable":true,"href":"https:\/\/www.deporteseli.com\/index.php?rest_route=%2Fwp%2Fv2%2Fproduct_tag&post=71964"}],"curies":[{"name":"wp","href":"https:\/\/api.w.org\/{rel}","templated":true}]}}