{"id":71906,"date":"2026-03-19T11:24:58","date_gmt":"2026-03-19T11:24:58","guid":{"rendered":"https:\/\/www.deporteseli.com\/?product=short-puma-684715-41"},"modified":"2026-03-19T11:25:05","modified_gmt":"2026-03-19T11:25:05","slug":"short-puma-684715-41","status":"publish","type":"product","link":"https:\/\/www.deporteseli.com\/?product=short-puma-684715-41","title":{"rendered":"SHORT PUMA 684715-41"},"content":{"rendered":"<p>Detalles del producto  \u2022 Logotipo Puma n.\u00b0 1 bordado en la pierna    \u2022 Cintura el\u00e1stica con cordones internos para un ajuste regulable    \u2022 Bolsillos laterales y bolsillo cargo para guardar lo esencial    \u2022 Fabricado con al menos un 50 % de materiales reciclados.    Color: Verde    Marca: Puma    Talla y ajuste  Ajuste: Regular    Material y cuidado  Material: Exterior: 68% algod\u00f3n, 32% poli\u00e9ster  Bolsillo: 100% algod\u00f3n                                                                                                                                                                                                                                                                                                                                                                                                                                                                                                                                                                                                                                                                                                                                                                                                                                                                                                                                                                                                                                        <\/p>\n","protected":false},"excerpt":{"rendered":"<p>SHORT PUMA 684715-41<\/p>\n","protected":false},"featured_media":71911,"template":"","meta":[],"product_brand":[],"product_cat":[250],"product_tag":[32],"class_list":{"0":"post-71906","1":"product","2":"type-product","3":"status-publish","4":"has-post-thumbnail","6":"product_cat-hombre_textil_bermudas","7":"product_tag-puma","8":"pa_color-unico","9":"pa_talla-l","10":"pa_talla-m","11":"pa_talla-s","12":"pa_talla-xl","13":"thunk-woo-product-list","14":"opn-qv-enable","15":"open-woo-hover-","16":"open-single-product-tab-horizontal","17":"open-shadow-","18":"open-shadow-hover-","20":"first","21":"instock","22":"shipping-taxable","23":"purchasable","24":"product-type-variable"},"jetpack_sharing_enabled":true,"_links":{"self":[{"href":"https:\/\/www.deporteseli.com\/index.php?rest_route=\/wp\/v2\/product\/71906","targetHints":{"allow":["GET"]}}],"collection":[{"href":"https:\/\/www.deporteseli.com\/index.php?rest_route=\/wp\/v2\/product"}],"about":[{"href":"https:\/\/www.deporteseli.com\/index.php?rest_route=\/wp\/v2\/types\/product"}],"wp:featuredmedia":[{"embeddable":true,"href":"https:\/\/www.deporteseli.com\/index.php?rest_route=\/wp\/v2\/media\/71911"}],"wp:attachment":[{"href":"https:\/\/www.deporteseli.com\/index.php?rest_route=%2Fwp%2Fv2%2Fmedia&parent=71906"}],"wp:term":[{"taxonomy":"product_brand","embeddable":true,"href":"https:\/\/www.deporteseli.com\/index.php?rest_route=%2Fwp%2Fv2%2Fproduct_brand&post=71906"},{"taxonomy":"product_cat","embeddable":true,"href":"https:\/\/www.deporteseli.com\/index.php?rest_route=%2Fwp%2Fv2%2Fproduct_cat&post=71906"},{"taxonomy":"product_tag","embeddable":true,"href":"https:\/\/www.deporteseli.com\/index.php?rest_route=%2Fwp%2Fv2%2Fproduct_tag&post=71906"}],"curies":[{"name":"wp","href":"https:\/\/api.w.org\/{rel}","templated":true}]}}