{"id":71884,"date":"2026-03-19T11:20:54","date_gmt":"2026-03-19T11:20:54","guid":{"rendered":"https:\/\/www.deporteseli.com\/?product=camisa-puma-684708-19"},"modified":"2026-03-19T11:21:01","modified_gmt":"2026-03-19T11:21:01","slug":"camisa-puma-684708-19","status":"publish","type":"product","link":"https:\/\/www.deporteseli.com\/?product=camisa-puma-684708-19","title":{"rendered":"CAMISA PUMA 684708-19"},"content":{"rendered":"<p>La camiseta de manga corta para hombre PUMA Essentials 2 Colour No. 1 Logo combina un estilo b\u00e1sico con un dise\u00f1o ic\u00f3nico. Presenta un cuello redondo acanalado y est\u00e1 confeccionada en suave tejido de algod\u00f3n.    escote redondo  Material de algod\u00f3n de textura suave                                                                                                                                                                                                                                                                                                                                                                                                                                                                                                                                                                                                                                                                                                                                                                                                                                                                                                                                                                                                                                        <\/p>\n","protected":false},"excerpt":{"rendered":"<p>CAMISA PUMA 684708-19<\/p>\n","protected":false},"featured_media":71890,"template":"","meta":[],"product_brand":[],"product_cat":[245],"product_tag":[32],"class_list":{"0":"post-71884","1":"product","2":"type-product","3":"status-publish","4":"has-post-thumbnail","6":"product_cat-hombre_textil_camisetas","7":"product_tag-puma","8":"pa_color-unico","9":"pa_talla-l","10":"pa_talla-m","11":"pa_talla-s","12":"pa_talla-xl","13":"pa_talla-xxl","14":"thunk-woo-product-list","15":"opn-qv-enable","16":"open-woo-hover-","17":"open-single-product-tab-horizontal","18":"open-shadow-","19":"open-shadow-hover-","21":"first","22":"instock","23":"shipping-taxable","24":"purchasable","25":"product-type-variable"},"jetpack_sharing_enabled":true,"_links":{"self":[{"href":"https:\/\/www.deporteseli.com\/index.php?rest_route=\/wp\/v2\/product\/71884","targetHints":{"allow":["GET"]}}],"collection":[{"href":"https:\/\/www.deporteseli.com\/index.php?rest_route=\/wp\/v2\/product"}],"about":[{"href":"https:\/\/www.deporteseli.com\/index.php?rest_route=\/wp\/v2\/types\/product"}],"wp:featuredmedia":[{"embeddable":true,"href":"https:\/\/www.deporteseli.com\/index.php?rest_route=\/wp\/v2\/media\/71890"}],"wp:attachment":[{"href":"https:\/\/www.deporteseli.com\/index.php?rest_route=%2Fwp%2Fv2%2Fmedia&parent=71884"}],"wp:term":[{"taxonomy":"product_brand","embeddable":true,"href":"https:\/\/www.deporteseli.com\/index.php?rest_route=%2Fwp%2Fv2%2Fproduct_brand&post=71884"},{"taxonomy":"product_cat","embeddable":true,"href":"https:\/\/www.deporteseli.com\/index.php?rest_route=%2Fwp%2Fv2%2Fproduct_cat&post=71884"},{"taxonomy":"product_tag","embeddable":true,"href":"https:\/\/www.deporteseli.com\/index.php?rest_route=%2Fwp%2Fv2%2Fproduct_tag&post=71884"}],"curies":[{"name":"wp","href":"https:\/\/api.w.org\/{rel}","templated":true}]}}