{"id":71875,"date":"2026-03-19T11:18:14","date_gmt":"2026-03-19T11:18:14","guid":{"rendered":"https:\/\/www.deporteseli.com\/?product=short-puma-682600-03"},"modified":"2026-03-19T11:18:22","modified_gmt":"2026-03-19T11:18:22","slug":"short-puma-682600-03","status":"publish","type":"product","link":"https:\/\/www.deporteseli.com\/?product=short-puma-682600-03","title":{"rendered":"SHORT PUMA 682600-03"},"content":{"rendered":"<p>Descripci\u00f3n  &#8211;  Este short PUMA est\u00e1 pensado para personas din\u00e1micas que no hacen concesiones en cuanto al estilo. Cuenta con un logo PUMA Cat bordado y una cintura el\u00e1stica con cord\u00f3n interno para un ajuste perfecto. Ideal para todas las aventuras, este short te permite moverte con facilidad y confianza.    Detalles  Corte regular  Jersey simple  A la altura de las rodillas  Cintura media alta  Bolsillo lateral  Detalles de marca PUMA  Caracter\u00edsticas y ventajas  Confeccionado con un m\u00ednimo del 20% de algod\u00f3n reciclado                                                                                                                                                                                                                                                                                                                                                                                                                                                                                                                                                                                                                                                                                                                                                                                                                                                                                                                                                                                                                                        <\/p>\n","protected":false},"excerpt":{"rendered":"<p>SHORT PUMA 682600-03<\/p>\n","protected":false},"featured_media":71881,"template":"","meta":[],"product_brand":[],"product_cat":[250],"product_tag":[32],"class_list":{"0":"post-71875","1":"product","2":"type-product","3":"status-publish","4":"has-post-thumbnail","6":"product_cat-hombre_textil_bermudas","7":"product_tag-puma","8":"pa_color-unico","9":"pa_talla-l","10":"pa_talla-m","11":"pa_talla-s","12":"pa_talla-xl","13":"pa_talla-xxl","14":"thunk-woo-product-list","15":"opn-qv-enable","16":"open-woo-hover-","17":"open-single-product-tab-horizontal","18":"open-shadow-","19":"open-shadow-hover-","21":"first","22":"instock","23":"shipping-taxable","24":"purchasable","25":"product-type-variable"},"jetpack_sharing_enabled":true,"_links":{"self":[{"href":"https:\/\/www.deporteseli.com\/index.php?rest_route=\/wp\/v2\/product\/71875","targetHints":{"allow":["GET"]}}],"collection":[{"href":"https:\/\/www.deporteseli.com\/index.php?rest_route=\/wp\/v2\/product"}],"about":[{"href":"https:\/\/www.deporteseli.com\/index.php?rest_route=\/wp\/v2\/types\/product"}],"wp:featuredmedia":[{"embeddable":true,"href":"https:\/\/www.deporteseli.com\/index.php?rest_route=\/wp\/v2\/media\/71881"}],"wp:attachment":[{"href":"https:\/\/www.deporteseli.com\/index.php?rest_route=%2Fwp%2Fv2%2Fmedia&parent=71875"}],"wp:term":[{"taxonomy":"product_brand","embeddable":true,"href":"https:\/\/www.deporteseli.com\/index.php?rest_route=%2Fwp%2Fv2%2Fproduct_brand&post=71875"},{"taxonomy":"product_cat","embeddable":true,"href":"https:\/\/www.deporteseli.com\/index.php?rest_route=%2Fwp%2Fv2%2Fproduct_cat&post=71875"},{"taxonomy":"product_tag","embeddable":true,"href":"https:\/\/www.deporteseli.com\/index.php?rest_route=%2Fwp%2Fv2%2Fproduct_tag&post=71875"}],"curies":[{"name":"wp","href":"https:\/\/api.w.org\/{rel}","templated":true}]}}