{"id":71840,"date":"2026-03-19T11:15:42","date_gmt":"2026-03-19T11:15:42","guid":{"rendered":"https:\/\/www.deporteseli.com\/?product=camisa-puma-682533-41"},"modified":"2026-03-24T05:19:04","modified_gmt":"2026-03-24T05:19:04","slug":"camisa-puma-682533-41","status":"publish","type":"product","link":"https:\/\/www.deporteseli.com\/?product=camisa-puma-682533-41","title":{"rendered":"CAMISA PUMA 682533-41"},"content":{"rendered":"<p>La modelo lleva la talla M UK. Altura: 186 cm.  Color: Hielo Esmeralda  Deporte: Estilo de vida  Ajuste est\u00e1ndar  Prendas de punto  Longitud est\u00e1ndar  escote redondo  Mangas cortas  Detalles de la marca PUMA  Contenido de algod\u00f3n reciclado: fabricado con al menos un 20% de material reciclado, este producto representa un paso adelante hacia un futuro mejor.  75% algod\u00f3n, 25% algod\u00f3n reciclado                                                                                                                                                                                                                                                                                                                                                                                                                                                                                                                                                                                                                                                                                                                                                                                                                                                                                                                                                                                                                                        <\/p>\n","protected":false},"excerpt":{"rendered":"<p>CAMISA PUMA 682533-41<\/p>\n","protected":false},"featured_media":71846,"template":"","meta":[],"product_brand":[],"product_cat":[245],"product_tag":[32],"class_list":{"0":"post-71840","1":"product","2":"type-product","3":"status-publish","4":"has-post-thumbnail","6":"product_cat-hombre_textil_camisetas","7":"product_tag-puma","8":"pa_color-unico","9":"pa_talla-l","10":"pa_talla-m","11":"pa_talla-s","12":"pa_talla-xl","13":"pa_talla-xxl","14":"thunk-woo-product-list","15":"opn-qv-enable","16":"open-woo-hover-","17":"open-single-product-tab-horizontal","18":"open-shadow-","19":"open-shadow-hover-","21":"first","22":"instock","23":"shipping-taxable","24":"purchasable","25":"product-type-variable"},"jetpack_sharing_enabled":true,"_links":{"self":[{"href":"https:\/\/www.deporteseli.com\/index.php?rest_route=\/wp\/v2\/product\/71840","targetHints":{"allow":["GET"]}}],"collection":[{"href":"https:\/\/www.deporteseli.com\/index.php?rest_route=\/wp\/v2\/product"}],"about":[{"href":"https:\/\/www.deporteseli.com\/index.php?rest_route=\/wp\/v2\/types\/product"}],"wp:featuredmedia":[{"embeddable":true,"href":"https:\/\/www.deporteseli.com\/index.php?rest_route=\/wp\/v2\/media\/71846"}],"wp:attachment":[{"href":"https:\/\/www.deporteseli.com\/index.php?rest_route=%2Fwp%2Fv2%2Fmedia&parent=71840"}],"wp:term":[{"taxonomy":"product_brand","embeddable":true,"href":"https:\/\/www.deporteseli.com\/index.php?rest_route=%2Fwp%2Fv2%2Fproduct_brand&post=71840"},{"taxonomy":"product_cat","embeddable":true,"href":"https:\/\/www.deporteseli.com\/index.php?rest_route=%2Fwp%2Fv2%2Fproduct_cat&post=71840"},{"taxonomy":"product_tag","embeddable":true,"href":"https:\/\/www.deporteseli.com\/index.php?rest_route=%2Fwp%2Fv2%2Fproduct_tag&post=71840"}],"curies":[{"name":"wp","href":"https:\/\/api.w.org\/{rel}","templated":true}]}}