{"id":71819,"date":"2026-03-19T11:14:02","date_gmt":"2026-03-19T11:14:02","guid":{"rendered":"https:\/\/www.deporteseli.com\/?product=top-puma-528154-25"},"modified":"2026-03-19T11:14:09","modified_gmt":"2026-03-19T11:14:09","slug":"top-puma-528154-25","status":"publish","type":"product","link":"https:\/\/www.deporteseli.com\/?product=top-puma-528154-25","title":{"rendered":"TOP PUMA 528154-25"},"content":{"rendered":"<p>Dale rienda suelta a todo tu potencial con este top deportivo PUMA sin tazas, que te ofrece sujeci\u00f3n para actividades de impacto medio. Con tejido de malla en la espalda y tecnolog\u00eda dryCELL para mantenerte fresca, este top te ayuda a mantener la concentraci\u00f3n en todos tus entrenamientos. Perfecta para tus sesiones en el gimnasio o para usar a diario, esta prenda esencial fusiona alto rendimiento y estilo.    CARACTER\u00cdSTICAS Y BENEFICIOS  dryCELL: Tecnolog\u00eda de alto rendimiento, dise\u00f1ada para absorber la humedad del cuerpo y mantenerte libre de sudor durante el ejercicio  Producto fabricado con al menos un 50% de materiales reciclados  DETALLES  Corte ajustado  Tejido de interlock  Sujeci\u00f3n media  Sin tazas  Espalda de competici\u00f3n  Largo: Regular  Logo PUMA  Composici\u00f3n y materiales  Cinturilla De La Parte Superior: 26% Nylon, 51% Poli\u00e9ster, 23% Elastodieno  Forro: 94% Poli\u00e9ster, 6% Elast\u00e1no  Malla: 14% Elast\u00e1no, 86% Poli\u00e9ster  Exterior: 85% Poli\u00e9ster, 15% Elast\u00e1no                                                                                                                                                                                                                                                                                                                                                                                                                                                                                                                                                                                                                                                                                                                                                                                                                                                                                                                                                                                                                                        <\/p>\n","protected":false},"excerpt":{"rendered":"<p>TOP PUMA 528154-25<\/p>\n","protected":false},"featured_media":71823,"template":"","meta":[],"product_brand":[],"product_cat":[275],"product_tag":[32],"class_list":{"0":"post-71819","1":"product","2":"type-product","3":"status-publish","4":"has-post-thumbnail","6":"product_cat-mujer_textil_top","7":"product_tag-puma","8":"pa_color-unico","9":"pa_talla-l","10":"pa_talla-m","11":"pa_talla-s","12":"thunk-woo-product-list","13":"opn-qv-enable","14":"open-woo-hover-","15":"open-single-product-tab-horizontal","16":"open-shadow-","17":"open-shadow-hover-","19":"first","20":"instock","21":"shipping-taxable","22":"purchasable","23":"product-type-variable"},"jetpack_sharing_enabled":true,"_links":{"self":[{"href":"https:\/\/www.deporteseli.com\/index.php?rest_route=\/wp\/v2\/product\/71819","targetHints":{"allow":["GET"]}}],"collection":[{"href":"https:\/\/www.deporteseli.com\/index.php?rest_route=\/wp\/v2\/product"}],"about":[{"href":"https:\/\/www.deporteseli.com\/index.php?rest_route=\/wp\/v2\/types\/product"}],"wp:featuredmedia":[{"embeddable":true,"href":"https:\/\/www.deporteseli.com\/index.php?rest_route=\/wp\/v2\/media\/71823"}],"wp:attachment":[{"href":"https:\/\/www.deporteseli.com\/index.php?rest_route=%2Fwp%2Fv2%2Fmedia&parent=71819"}],"wp:term":[{"taxonomy":"product_brand","embeddable":true,"href":"https:\/\/www.deporteseli.com\/index.php?rest_route=%2Fwp%2Fv2%2Fproduct_brand&post=71819"},{"taxonomy":"product_cat","embeddable":true,"href":"https:\/\/www.deporteseli.com\/index.php?rest_route=%2Fwp%2Fv2%2Fproduct_cat&post=71819"},{"taxonomy":"product_tag","embeddable":true,"href":"https:\/\/www.deporteseli.com\/index.php?rest_route=%2Fwp%2Fv2%2Fproduct_tag&post=71819"}],"curies":[{"name":"wp","href":"https:\/\/api.w.org\/{rel}","templated":true}]}}