{"id":71799,"date":"2026-03-19T11:13:03","date_gmt":"2026-03-19T11:13:03","guid":{"rendered":"https:\/\/www.deporteseli.com\/?product=tenis-puma-406239-01"},"modified":"2026-03-19T11:13:16","modified_gmt":"2026-03-19T11:13:16","slug":"tenis-puma-406239-01","status":"publish","type":"product","link":"https:\/\/www.deporteseli.com\/?product=tenis-puma-406239-01","title":{"rendered":"TENIS PUMA 406239-01"},"content":{"rendered":"<p>Aumenta la energ\u00eda con las PUMA Caven: donde el estilo deportivo se combina con la diversi\u00f3n diaria. Inspiradas en el estilo retro del baloncesto, estas zapatillas destacan por su dise\u00f1o audaz y su atractiva suela gruesa. Est\u00e1 dise\u00f1ada para mantener a los ni\u00f1os c\u00f3modos todo el d\u00eda, con una plantilla blanda que aporta un rebote extra para afrontar cualquier cosa.    CARACTER\u00cdSTICAS   BENEFICIOS  SOFTFOAM : la c\u00f3moda plantilla est\u00e1 dise\u00f1ada para proporcionar una suave amortiguaci\u00f3n gracias a su tal\u00f3n extragrueso  El empeine de las zapatillas est\u00e1 fabricado con al menos un 20 % de materiales reciclados y la parte inferior con al menos un 10 % de materiales reciclados  DETALLES  Ancho: est\u00e1ndar  Tipo de puntera: redondeada  Cierre: el\u00e1stico y de gancho y bucle  Tipo de tal\u00f3n: plano  Detalles de la marca PUMA  PUMA Ni\u00f1os: recomendado para ni\u00f1os de 4 a 8 a\u00f1os  INFORMACI\u00d3N DE MATERIAL  Suela: 100% Goma  Exterior: 97.01% Sint\u00e9tico, 2.99% Textil  Forro: 100% Textil                                                                                                                                                                                                                                                                                                                                                                                                                                                                                                                                                                                                                                                                                                                                                                                                                                                                                                                                                                                                                                        <\/p>\n","protected":false},"excerpt":{"rendered":"<p>TENIS PUMA 406239-01<\/p>\n","protected":false},"featured_media":71808,"template":"","meta":[],"product_brand":[],"product_cat":[392],"product_tag":[32],"class_list":{"0":"post-71799","1":"product","2":"type-product","3":"status-publish","4":"has-post-thumbnail","6":"product_cat-ninas_calzado_casual","7":"product_tag-puma","8":"pa_color-unico","9":"pa_talla-125","10":"pa_talla-127","11":"pa_talla-129","12":"pa_talla-131","13":"pa_talla-133","14":"pa_talla-135","15":"pa_talla-137","16":"pa_talla-139","17":"thunk-woo-product-list","18":"opn-qv-enable","19":"open-woo-hover-","20":"open-single-product-tab-horizontal","21":"open-shadow-","22":"open-shadow-hover-","24":"first","25":"instock","26":"shipping-taxable","27":"purchasable","28":"product-type-variable"},"jetpack_sharing_enabled":true,"_links":{"self":[{"href":"https:\/\/www.deporteseli.com\/index.php?rest_route=\/wp\/v2\/product\/71799","targetHints":{"allow":["GET"]}}],"collection":[{"href":"https:\/\/www.deporteseli.com\/index.php?rest_route=\/wp\/v2\/product"}],"about":[{"href":"https:\/\/www.deporteseli.com\/index.php?rest_route=\/wp\/v2\/types\/product"}],"wp:featuredmedia":[{"embeddable":true,"href":"https:\/\/www.deporteseli.com\/index.php?rest_route=\/wp\/v2\/media\/71808"}],"wp:attachment":[{"href":"https:\/\/www.deporteseli.com\/index.php?rest_route=%2Fwp%2Fv2%2Fmedia&parent=71799"}],"wp:term":[{"taxonomy":"product_brand","embeddable":true,"href":"https:\/\/www.deporteseli.com\/index.php?rest_route=%2Fwp%2Fv2%2Fproduct_brand&post=71799"},{"taxonomy":"product_cat","embeddable":true,"href":"https:\/\/www.deporteseli.com\/index.php?rest_route=%2Fwp%2Fv2%2Fproduct_cat&post=71799"},{"taxonomy":"product_tag","embeddable":true,"href":"https:\/\/www.deporteseli.com\/index.php?rest_route=%2Fwp%2Fv2%2Fproduct_tag&post=71799"}],"curies":[{"name":"wp","href":"https:\/\/api.w.org\/{rel}","templated":true}]}}