{"id":71791,"date":"2026-03-19T11:12:35","date_gmt":"2026-03-19T11:12:35","guid":{"rendered":"https:\/\/www.deporteseli.com\/?product=tenis-puma-406063-01"},"modified":"2026-03-19T11:12:43","modified_gmt":"2026-03-19T11:12:43","slug":"tenis-puma-406063-01","status":"publish","type":"product","link":"https:\/\/www.deporteseli.com\/?product=tenis-puma-406063-01","title":{"rendered":"TENIS PUMA 406063-01"},"content":{"rendered":"<p>En esta versi\u00f3n, las Rebound Femme Low reciben un toque atrevido y renovador de inspiraci\u00f3n felina. El dise\u00f1o de plataforma a\u00f1ade un toque moderno y femenino al caracter\u00edstico aspecto. Como parte de la colecci\u00f3n Metallic Whisper, esta edici\u00f3n destaca con una llamativa PUMA Formstrip, dise\u00f1ada para impresionar desde todos los \u00e1ngulos.    CARACTER\u00cdSTICAS   BENEFICIOS  El empeine de las zapatillas est\u00e1 fabricado con al menos un 20 % de materiales reciclados y la parte inferior con al menos un 10 % de materiales reciclados  DETALLES  Ancho: est\u00e1ndar  Tipo de puntera: redondeada  Cierre: cordones  Tipo de tal\u00f3n: plano  Detalles de la marca PUMA  INFORMACI\u00d3N DE MATERIAL  Suela: 100% Goma  Exterior: 97.65% Sint\u00e9tico, 2.35% Textil  Forro: 100% Textil                                                                                                                                                                                                                                                                                                                                                                                                                                                                                                                                                                                                                                                                                                                                                                                                                                                                                                                                                                                                                                        <\/p>\n","protected":false},"excerpt":{"rendered":"<p>TENIS PUMA 406063-01<\/p>\n","protected":false},"featured_media":71797,"template":"","meta":[],"product_brand":[],"product_cat":[287],"product_tag":[32],"class_list":{"0":"post-71791","1":"product","2":"type-product","3":"status-publish","4":"has-post-thumbnail","6":"product_cat-mujer_calzado_casual","7":"product_tag-puma","8":"pa_color-unico","9":"pa_talla-141","10":"pa_talla-143","11":"pa_talla-145","12":"pa_talla-147","13":"pa_talla-149","14":"thunk-woo-product-list","15":"opn-qv-enable","16":"open-woo-hover-","17":"open-single-product-tab-horizontal","18":"open-shadow-","19":"open-shadow-hover-","21":"first","22":"instock","23":"shipping-taxable","24":"purchasable","25":"product-type-variable"},"jetpack_sharing_enabled":true,"_links":{"self":[{"href":"https:\/\/www.deporteseli.com\/index.php?rest_route=\/wp\/v2\/product\/71791","targetHints":{"allow":["GET"]}}],"collection":[{"href":"https:\/\/www.deporteseli.com\/index.php?rest_route=\/wp\/v2\/product"}],"about":[{"href":"https:\/\/www.deporteseli.com\/index.php?rest_route=\/wp\/v2\/types\/product"}],"wp:featuredmedia":[{"embeddable":true,"href":"https:\/\/www.deporteseli.com\/index.php?rest_route=\/wp\/v2\/media\/71797"}],"wp:attachment":[{"href":"https:\/\/www.deporteseli.com\/index.php?rest_route=%2Fwp%2Fv2%2Fmedia&parent=71791"}],"wp:term":[{"taxonomy":"product_brand","embeddable":true,"href":"https:\/\/www.deporteseli.com\/index.php?rest_route=%2Fwp%2Fv2%2Fproduct_brand&post=71791"},{"taxonomy":"product_cat","embeddable":true,"href":"https:\/\/www.deporteseli.com\/index.php?rest_route=%2Fwp%2Fv2%2Fproduct_cat&post=71791"},{"taxonomy":"product_tag","embeddable":true,"href":"https:\/\/www.deporteseli.com\/index.php?rest_route=%2Fwp%2Fv2%2Fproduct_tag&post=71791"}],"curies":[{"name":"wp","href":"https:\/\/api.w.org\/{rel}","templated":true}]}}