{"id":71770,"date":"2026-03-19T11:10:10","date_gmt":"2026-03-19T11:10:10","guid":{"rendered":"https:\/\/www.deporteseli.com\/?product=tenis-puma-403739-01"},"modified":"2026-04-08T04:18:13","modified_gmt":"2026-04-08T04:18:13","slug":"tenis-puma-403739-01","status":"publish","type":"product","link":"https:\/\/www.deporteseli.com\/?product=tenis-puma-403739-01","title":{"rendered":"TENIS PUMA 403739-01"},"content":{"rendered":"<p> Domina las calles con los PUMA Shuffle Downtown! Disponibles en estilos de corte de cuello medio y cl\u00e1sico, estos tenis aportan un toque relajado y comodidad durante todo el d\u00eda a tu look diario. Dise\u00f1ados para movimientos suaves y un estilo f\u00e1cil, est\u00e1n listos para seguirte el ritmo, sin importar a d\u00f3nde vayas    CARACTER\u00cdSTICAS Y VENTAJAS  SOFTFOAM : Plantilla c\u00f3moda y f\u00e1cil de poner, dise\u00f1ada con un tal\u00f3n extra grueso para proporcionar una amortiguaci\u00f3n suave  DETALLES  Ancho: Regular  Tipo de puntera: redondeada  Cierre: cordones  Empeine sint\u00e9tico  Tipo de tal\u00f3n: plano  Forro: Textil  Suela: Goma  PUMA Juvenil: Producto recomendado para ni\u00f1os y adolescentes de 8 a 16 a\u00f1os  MATERIAL DE INFORMACI\u00d3N  Plantilla: 100% Textil  Suela: 100% Goma  Exterior: 97.77% Sint\u00e9tico, 2.23% Textil  Forro: 100% Textil                                                                                                                                                                                                                                                                                                                                                                                                                                                                                                                                                                                                                                                                                                                                                                                                                                                                                                                                                                                                                                        <\/p>\n","protected":false},"excerpt":{"rendered":"<p>TENIS PUMA 403739-01<\/p>\n","protected":false},"featured_media":71777,"template":"","meta":[],"product_brand":[],"product_cat":[287],"product_tag":[32],"class_list":{"0":"post-71770","1":"product","2":"type-product","3":"status-publish","4":"has-post-thumbnail","6":"product_cat-mujer_calzado_casual","7":"product_tag-puma","8":"pa_color-unico","9":"pa_talla-141","10":"pa_talla-143","11":"pa_talla-37-5","12":"pa_talla-145","13":"pa_talla-38-5","14":"pa_talla-147","15":"thunk-woo-product-list","16":"opn-qv-enable","17":"open-woo-hover-","18":"open-single-product-tab-horizontal","19":"open-shadow-","20":"open-shadow-hover-","22":"first","23":"instock","24":"shipping-taxable","25":"purchasable","26":"product-type-variable"},"jetpack_sharing_enabled":true,"_links":{"self":[{"href":"https:\/\/www.deporteseli.com\/index.php?rest_route=\/wp\/v2\/product\/71770","targetHints":{"allow":["GET"]}}],"collection":[{"href":"https:\/\/www.deporteseli.com\/index.php?rest_route=\/wp\/v2\/product"}],"about":[{"href":"https:\/\/www.deporteseli.com\/index.php?rest_route=\/wp\/v2\/types\/product"}],"wp:featuredmedia":[{"embeddable":true,"href":"https:\/\/www.deporteseli.com\/index.php?rest_route=\/wp\/v2\/media\/71777"}],"wp:attachment":[{"href":"https:\/\/www.deporteseli.com\/index.php?rest_route=%2Fwp%2Fv2%2Fmedia&parent=71770"}],"wp:term":[{"taxonomy":"product_brand","embeddable":true,"href":"https:\/\/www.deporteseli.com\/index.php?rest_route=%2Fwp%2Fv2%2Fproduct_brand&post=71770"},{"taxonomy":"product_cat","embeddable":true,"href":"https:\/\/www.deporteseli.com\/index.php?rest_route=%2Fwp%2Fv2%2Fproduct_cat&post=71770"},{"taxonomy":"product_tag","embeddable":true,"href":"https:\/\/www.deporteseli.com\/index.php?rest_route=%2Fwp%2Fv2%2Fproduct_tag&post=71770"}],"curies":[{"name":"wp","href":"https:\/\/api.w.org\/{rel}","templated":true}]}}