{"id":71746,"date":"2026-03-19T11:07:58","date_gmt":"2026-03-19T11:07:58","guid":{"rendered":"https:\/\/www.deporteseli.com\/?product=tenis-puma-397419-33"},"modified":"2026-03-19T11:08:11","modified_gmt":"2026-03-19T11:08:11","slug":"tenis-puma-397419-33","status":"publish","type":"product","link":"https:\/\/www.deporteseli.com\/?product=tenis-puma-397419-33","title":{"rendered":"TENIS PUMA 397419-33"},"content":{"rendered":"<p>Avanza por el patio de recreo con estas zapatillas PUMA Rebound V6 de inspiraci\u00f3n deportiva. El exterior de material reciclado y la suela duradera resisten las aventuras de los peque\u00f1os atletas, mientras que el cuello de perfil medio brinda un soporte esencial para driblar y bloquear.    CARACTER\u00cdSTICAS   BENEFICIOS  El exterior de las zapatillas est\u00e1 fabricado con al menos un 20 % de materiales reciclados y la parte inferior con al menos un 10 % de materiales reciclados  DETALLES  Exterior rico en detalles  Suela y entresuela de goma  El cuello de perfil medio ofrece soporte y protecci\u00f3n para el tobillo durante los deportes y actividades  Cierre de gancho y bucle y el\u00e1sticos  Marca PUMA impresa en la leng\u00fceta y formstrip en los laterales  PUMA para ni\u00f1os: recomendado para ni\u00f1os y ni\u00f1as de 4 a 8 a\u00f1os  INFORMACI\u00d3N DE MATERIAL  Plantilla: 100% Textil  Suela: 100% Goma  Exterior: 95.59% Sint\u00e9tico, 4.41% Textil  Forro: 100% Textil                                                                                                                                                                                                                                                                                                                                                                                                                                                                                                                                                                                                                                                                                                                                                                                                                                                                                                                                                                                                                                        <\/p>\n","protected":false},"excerpt":{"rendered":"<p>TENIS PUMA 397419-33<\/p>\n","protected":false},"featured_media":71755,"template":"","meta":[],"product_brand":[],"product_cat":[310],"product_tag":[32],"class_list":{"0":"post-71746","1":"product","2":"type-product","3":"status-publish","4":"has-post-thumbnail","6":"product_cat-nino_calzado_casual","7":"product_tag-puma","8":"pa_color-unico","9":"pa_talla-125","10":"pa_talla-127","11":"pa_talla-129","12":"pa_talla-131","13":"pa_talla-133","14":"pa_talla-135","15":"pa_talla-137","16":"pa_talla-139","17":"thunk-woo-product-list","18":"opn-qv-enable","19":"open-woo-hover-","20":"open-single-product-tab-horizontal","21":"open-shadow-","22":"open-shadow-hover-","24":"first","25":"instock","26":"shipping-taxable","27":"purchasable","28":"product-type-variable"},"jetpack_sharing_enabled":true,"_links":{"self":[{"href":"https:\/\/www.deporteseli.com\/index.php?rest_route=\/wp\/v2\/product\/71746","targetHints":{"allow":["GET"]}}],"collection":[{"href":"https:\/\/www.deporteseli.com\/index.php?rest_route=\/wp\/v2\/product"}],"about":[{"href":"https:\/\/www.deporteseli.com\/index.php?rest_route=\/wp\/v2\/types\/product"}],"wp:featuredmedia":[{"embeddable":true,"href":"https:\/\/www.deporteseli.com\/index.php?rest_route=\/wp\/v2\/media\/71755"}],"wp:attachment":[{"href":"https:\/\/www.deporteseli.com\/index.php?rest_route=%2Fwp%2Fv2%2Fmedia&parent=71746"}],"wp:term":[{"taxonomy":"product_brand","embeddable":true,"href":"https:\/\/www.deporteseli.com\/index.php?rest_route=%2Fwp%2Fv2%2Fproduct_brand&post=71746"},{"taxonomy":"product_cat","embeddable":true,"href":"https:\/\/www.deporteseli.com\/index.php?rest_route=%2Fwp%2Fv2%2Fproduct_cat&post=71746"},{"taxonomy":"product_tag","embeddable":true,"href":"https:\/\/www.deporteseli.com\/index.php?rest_route=%2Fwp%2Fv2%2Fproduct_tag&post=71746"}],"curies":[{"name":"wp","href":"https:\/\/api.w.org\/{rel}","templated":true}]}}