{"id":71695,"date":"2026-03-19T10:44:45","date_gmt":"2026-03-19T10:44:45","guid":{"rendered":"https:\/\/www.deporteseli.com\/?product=tenis-puma-310252-08"},"modified":"2026-04-18T04:21:05","modified_gmt":"2026-04-18T04:21:05","slug":"tenis-puma-310252-08","status":"publish","type":"product","link":"https:\/\/www.deporteseli.com\/?product=tenis-puma-310252-08","title":{"rendered":"TENIS PUMA 310252-08"},"content":{"rendered":"<p>Presentamos Courtflex v3,  la \u00faltima incorporaci\u00f3n a la familia Courtflex! Es el calzado perfecto para el d\u00eda a d\u00eda. Presenta un dise\u00f1o m\u00e1s moderno y mayor flexibilidad gracias a las ranuras m\u00e1s profundas de la suela. Este modelo ligero promete diversi\u00f3n y comodidad a los m\u00e1s peque\u00f1os, prepar\u00e1ndolos para cualquier aventura.    Color: 08 BLANCO AZUL                                                                                                                                                                                                                                                                                                                                                                                                                                                                                                                                                                                                                                                                                                                                                                                                                                                                                                                                                                                                                                        <\/p>\n","protected":false},"excerpt":{"rendered":"<p>TENIS PUMA 310252-08<\/p>\n","protected":false},"featured_media":71704,"template":"","meta":[],"product_brand":[],"product_cat":[310],"product_tag":[32],"class_list":{"0":"post-71695","1":"product","2":"type-product","3":"status-publish","4":"has-post-thumbnail","6":"product_cat-nino_calzado_casual","7":"product_tag-puma","8":"pa_color-unico","9":"pa_talla-113","10":"pa_talla-115","11":"pa_talla-117","12":"pa_talla-119","13":"pa_talla-121","14":"pa_talla-123","15":"pa_talla-t-20","16":"pa_talla-t-21","17":"thunk-woo-product-list","18":"opn-qv-enable","19":"open-woo-hover-","20":"open-single-product-tab-horizontal","21":"open-shadow-","22":"open-shadow-hover-","24":"first","25":"instock","26":"shipping-taxable","27":"purchasable","28":"product-type-variable"},"jetpack_sharing_enabled":true,"_links":{"self":[{"href":"https:\/\/www.deporteseli.com\/index.php?rest_route=\/wp\/v2\/product\/71695","targetHints":{"allow":["GET"]}}],"collection":[{"href":"https:\/\/www.deporteseli.com\/index.php?rest_route=\/wp\/v2\/product"}],"about":[{"href":"https:\/\/www.deporteseli.com\/index.php?rest_route=\/wp\/v2\/types\/product"}],"wp:featuredmedia":[{"embeddable":true,"href":"https:\/\/www.deporteseli.com\/index.php?rest_route=\/wp\/v2\/media\/71704"}],"wp:attachment":[{"href":"https:\/\/www.deporteseli.com\/index.php?rest_route=%2Fwp%2Fv2%2Fmedia&parent=71695"}],"wp:term":[{"taxonomy":"product_brand","embeddable":true,"href":"https:\/\/www.deporteseli.com\/index.php?rest_route=%2Fwp%2Fv2%2Fproduct_brand&post=71695"},{"taxonomy":"product_cat","embeddable":true,"href":"https:\/\/www.deporteseli.com\/index.php?rest_route=%2Fwp%2Fv2%2Fproduct_cat&post=71695"},{"taxonomy":"product_tag","embeddable":true,"href":"https:\/\/www.deporteseli.com\/index.php?rest_route=%2Fwp%2Fv2%2Fproduct_tag&post=71695"}],"curies":[{"name":"wp","href":"https:\/\/api.w.org\/{rel}","templated":true}]}}