{"id":71683,"date":"2026-03-19T10:42:40","date_gmt":"2026-03-19T10:42:40","guid":{"rendered":"https:\/\/www.deporteseli.com\/?product=bolso-puma-091187-35"},"modified":"2026-03-19T10:42:42","modified_gmt":"2026-03-19T10:42:42","slug":"bolso-puma-091187-35","status":"publish","type":"product","link":"https:\/\/www.deporteseli.com\/?product=bolso-puma-091187-35","title":{"rendered":"BOLSO PUMA 091187-35"},"content":{"rendered":"<p>La bolsa Puma Fundamental 34 L es ideal para llevar a tus entrenamientos. Con m\u00faltiples compartimentos, un bolsillo para zapatos y una correa ajustable para el hombro, est\u00e1 dise\u00f1ada para tu estilo de vida activo. Ll\u00e9valo todo organizado y preparado con el estilo caracter\u00edstico de PUMA.    Caracter\u00edsticas:    Compartimento principal con cremallera bidireccional  Compartimento delantero con cremallera  Bolsillo lateral con cremallera para los zapatos  Bolsillo lateral de malla  Detalles de la marca PUMA  Dimensiones: 53 cm (anchura) \/ 28 cm (profundidad) \/ 25 cm (altura)  Capacidad: 34 L  Producto fabricado con al menos un 50 % de materiales reciclados                                                                                                                                                                                                                                                                                                                                                                                                                                                                                                                                                                                                                                                                                                                                                                                                                                                                                                                                                                                                                                        <\/p>\n","protected":false},"excerpt":{"rendered":"<p>BOLSO PUMA 091187-35<\/p>\n","protected":false},"featured_media":71685,"template":"","meta":[],"product_brand":[],"product_cat":[402],"product_tag":[32],"class_list":{"0":"post-71683","1":"product","2":"type-product","3":"status-publish","4":"has-post-thumbnail","6":"product_cat-accesorios_bolsos","7":"product_tag-puma","8":"pa_color-unico","9":"pa_talla-unica","10":"thunk-woo-product-list","11":"opn-qv-enable","12":"open-woo-hover-","13":"open-single-product-tab-horizontal","14":"open-shadow-","15":"open-shadow-hover-","17":"first","18":"instock","19":"shipping-taxable","20":"purchasable","21":"product-type-variable"},"jetpack_sharing_enabled":true,"_links":{"self":[{"href":"https:\/\/www.deporteseli.com\/index.php?rest_route=\/wp\/v2\/product\/71683","targetHints":{"allow":["GET"]}}],"collection":[{"href":"https:\/\/www.deporteseli.com\/index.php?rest_route=\/wp\/v2\/product"}],"about":[{"href":"https:\/\/www.deporteseli.com\/index.php?rest_route=\/wp\/v2\/types\/product"}],"wp:featuredmedia":[{"embeddable":true,"href":"https:\/\/www.deporteseli.com\/index.php?rest_route=\/wp\/v2\/media\/71685"}],"wp:attachment":[{"href":"https:\/\/www.deporteseli.com\/index.php?rest_route=%2Fwp%2Fv2%2Fmedia&parent=71683"}],"wp:term":[{"taxonomy":"product_brand","embeddable":true,"href":"https:\/\/www.deporteseli.com\/index.php?rest_route=%2Fwp%2Fv2%2Fproduct_brand&post=71683"},{"taxonomy":"product_cat","embeddable":true,"href":"https:\/\/www.deporteseli.com\/index.php?rest_route=%2Fwp%2Fv2%2Fproduct_cat&post=71683"},{"taxonomy":"product_tag","embeddable":true,"href":"https:\/\/www.deporteseli.com\/index.php?rest_route=%2Fwp%2Fv2%2Fproduct_tag&post=71683"}],"curies":[{"name":"wp","href":"https:\/\/api.w.org\/{rel}","templated":true}]}}