{"id":71674,"date":"2026-03-19T10:41:59","date_gmt":"2026-03-19T10:41:59","guid":{"rendered":"https:\/\/www.deporteseli.com\/?product=bolso-puma-091173-02"},"modified":"2026-03-19T10:42:02","modified_gmt":"2026-03-19T10:42:02","slug":"bolso-puma-091173-02","status":"publish","type":"product","link":"https:\/\/www.deporteseli.com\/?product=bolso-puma-091173-02","title":{"rendered":"BOLSO PUMA 091173-02"},"content":{"rendered":"<p>No dejes de moverte con esta vers\u00e1til bolsa. Con un compartimento principal con cremallera, correa ajustable para el hombro y asa de transporte de cincha, es perfecta para tu estilo de vida activo. Mezcla y combina sin esfuerzo mientras presumes de tu orgullo PUMA. Lista para cualquier aventura.    CARACTER\u00cdSTICAS   BENEFICIOS  Producto fabricado con al menos un 90 % de materiales reciclados  DETALLES  Compartimento principal con cremallera  Correa ajustable para el hombro  Asa de agarre de cincha  Modelo c\u00f3modo de PUMA  Detalles de la marca PUMA  INFORMACI\u00d3N DE MATERIAL  Forro: 100% Poli\u00e9ster  Exterior: 100% POLI\u00c9STER CON REVESTIMIENTO DE PU                                                                                                                                                                                                                                                                                                                                                                                                                                                                                                                                                                                                                                                                                                                                                                                                                                                                                                                                                                                                                                        <\/p>\n","protected":false},"excerpt":{"rendered":"<p>BOLSO PUMA 091173-02<\/p>\n","protected":false},"featured_media":71676,"template":"","meta":[],"product_brand":[],"product_cat":[423],"product_tag":[32],"class_list":{"0":"post-71674","1":"product","2":"type-product","3":"status-publish","4":"has-post-thumbnail","6":"product_cat-accesorios_bandoleras","7":"product_tag-puma","8":"pa_color-unico","9":"pa_talla-unica","10":"thunk-woo-product-list","11":"opn-qv-enable","12":"open-woo-hover-","13":"open-single-product-tab-horizontal","14":"open-shadow-","15":"open-shadow-hover-","17":"first","18":"instock","19":"shipping-taxable","20":"purchasable","21":"product-type-variable"},"jetpack_sharing_enabled":true,"_links":{"self":[{"href":"https:\/\/www.deporteseli.com\/index.php?rest_route=\/wp\/v2\/product\/71674","targetHints":{"allow":["GET"]}}],"collection":[{"href":"https:\/\/www.deporteseli.com\/index.php?rest_route=\/wp\/v2\/product"}],"about":[{"href":"https:\/\/www.deporteseli.com\/index.php?rest_route=\/wp\/v2\/types\/product"}],"wp:featuredmedia":[{"embeddable":true,"href":"https:\/\/www.deporteseli.com\/index.php?rest_route=\/wp\/v2\/media\/71676"}],"wp:attachment":[{"href":"https:\/\/www.deporteseli.com\/index.php?rest_route=%2Fwp%2Fv2%2Fmedia&parent=71674"}],"wp:term":[{"taxonomy":"product_brand","embeddable":true,"href":"https:\/\/www.deporteseli.com\/index.php?rest_route=%2Fwp%2Fv2%2Fproduct_brand&post=71674"},{"taxonomy":"product_cat","embeddable":true,"href":"https:\/\/www.deporteseli.com\/index.php?rest_route=%2Fwp%2Fv2%2Fproduct_cat&post=71674"},{"taxonomy":"product_tag","embeddable":true,"href":"https:\/\/www.deporteseli.com\/index.php?rest_route=%2Fwp%2Fv2%2Fproduct_tag&post=71674"}],"curies":[{"name":"wp","href":"https:\/\/api.w.org\/{rel}","templated":true}]}}