{"id":71666,"date":"2026-03-19T10:41:19","date_gmt":"2026-03-19T10:41:19","guid":{"rendered":"https:\/\/www.deporteseli.com\/?product=bolso-puma-091167-028"},"modified":"2026-03-19T10:41:21","modified_gmt":"2026-03-19T10:41:21","slug":"bolso-puma-091167-028","status":"publish","type":"product","link":"https:\/\/www.deporteseli.com\/?product=bolso-puma-091167-028","title":{"rendered":"BOLSO PUMA 091167-028"},"content":{"rendered":"<p>La bolsa deportiva Puma Phase 22L Small Sports Bag de PUMA es una opci\u00f3n pr\u00e1ctica y vers\u00e1til para acompa\u00f1arte en tu rutina diaria, ya sea para entrenar, viajar o moverte por la ciudad. Su dise\u00f1o din\u00e1mico y funcional ofrece el espacio necesario para llevar tu equipamiento bien organizado, manteniendo una est\u00e9tica deportiva y actual que refleja el car\u00e1cter inconfundible de PUMA. C\u00f3moda y resistente, est\u00e1 pensada para adaptarse a un estilo de vida activo.    COMPOSICI\u00d3N y TECNOLOG\u00cdA    Bolsa deportiva de tama\u00f1o compacto.  Capacidad de 22 litros.  Apertura principal con cremallera de doble sentido.  Compartimento frontal con cremallera para objetos peque\u00f1os.  Bolsillo lateral de malla para botellas u objetos de acceso r\u00e1pido.  Correa de hombro ajustable para un transporte c\u00f3modo.  Dise\u00f1o funcional ideal para entrenamientos y uso diario.  Fabricada con al menos un 90% de materiales reciclados.  Dimensiones: 45 cm de ancho x 22 cm de fondo x 23 cm de alto.  Detalles de la marca PUMA.                                                                                                                                                                                                                                                                                                                                                                                                                                                                                                                                                                                                                                                                                                                                                                                                                                                                                                                                                                                                                                        <\/p>\n","protected":false},"excerpt":{"rendered":"<p>BOLSO PUMA 091167-028<\/p>\n","protected":false},"featured_media":71668,"template":"","meta":[],"product_brand":[],"product_cat":[402],"product_tag":[32],"class_list":{"0":"post-71666","1":"product","2":"type-product","3":"status-publish","4":"has-post-thumbnail","6":"product_cat-accesorios_bolsos","7":"product_tag-puma","8":"pa_color-unico","9":"pa_talla-unica","10":"thunk-woo-product-list","11":"opn-qv-enable","12":"open-woo-hover-","13":"open-single-product-tab-horizontal","14":"open-shadow-","15":"open-shadow-hover-","17":"first","18":"instock","19":"shipping-taxable","20":"purchasable","21":"product-type-variable"},"jetpack_sharing_enabled":true,"_links":{"self":[{"href":"https:\/\/www.deporteseli.com\/index.php?rest_route=\/wp\/v2\/product\/71666","targetHints":{"allow":["GET"]}}],"collection":[{"href":"https:\/\/www.deporteseli.com\/index.php?rest_route=\/wp\/v2\/product"}],"about":[{"href":"https:\/\/www.deporteseli.com\/index.php?rest_route=\/wp\/v2\/types\/product"}],"wp:featuredmedia":[{"embeddable":true,"href":"https:\/\/www.deporteseli.com\/index.php?rest_route=\/wp\/v2\/media\/71668"}],"wp:attachment":[{"href":"https:\/\/www.deporteseli.com\/index.php?rest_route=%2Fwp%2Fv2%2Fmedia&parent=71666"}],"wp:term":[{"taxonomy":"product_brand","embeddable":true,"href":"https:\/\/www.deporteseli.com\/index.php?rest_route=%2Fwp%2Fv2%2Fproduct_brand&post=71666"},{"taxonomy":"product_cat","embeddable":true,"href":"https:\/\/www.deporteseli.com\/index.php?rest_route=%2Fwp%2Fv2%2Fproduct_cat&post=71666"},{"taxonomy":"product_tag","embeddable":true,"href":"https:\/\/www.deporteseli.com\/index.php?rest_route=%2Fwp%2Fv2%2Fproduct_tag&post=71666"}],"curies":[{"name":"wp","href":"https:\/\/api.w.org\/{rel}","templated":true}]}}