{"id":71653,"date":"2026-03-19T10:39:56","date_gmt":"2026-03-19T10:39:56","guid":{"rendered":"https:\/\/www.deporteseli.com\/?product=bolso-puma-091145-08"},"modified":"2026-03-19T10:40:00","modified_gmt":"2026-03-19T10:40:00","slug":"bolso-puma-091145-08","status":"publish","type":"product","link":"https:\/\/www.deporteseli.com\/?product=bolso-puma-091145-08","title":{"rendered":"BOLSO PUMA 091145-08"},"content":{"rendered":"<p>Preparate para tu rutina de fitness con este bolso deportivo de tama\u00f1o mediano. Con un espacioso compartimento principal, un compartimento especial para calzado y m\u00faltiples bolsillos, est\u00e1 dise\u00f1ado para tu estilo de vida activo. Manten\u00e9 tus pertenencias organizadas con el estilo caracter\u00edstico de PUMA.    CARACTER\u00cdSTICAS Y BENEFICIOS  Producto fabricado con al menos un 50% de materiales reciclados  DETALLES  Compartimento principal con cierre bidireccional  Compartimento lateral especial para calzado, con cierre  Bolsillo lateral con cierre  Bolsillo lateral en tejido de malla  Dimensiones: 62 x 29 x 31 cm  Volumen: 58 litros  Detalles de la marca PUMA  Composici\u00f3n y materiales  Forro: 100% POLI\u00c9STER CON REVESTIMIENTO DE PU  Malla: 100% Poli\u00e9ster  Exterior: 100% POLI\u00c9STER CON REVESTIMIENTO DE PU  PARTE INFERIOR: 100% POLI\u00c9STER CON REVESTIMIENTO DE TPE                                                                                                                                                                                                                                                                                                                                                                                                                                                                                                                                                                                                                                                                                                                                                                                                                                                                                                                                                                                                                                        <\/p>\n","protected":false},"excerpt":{"rendered":"<p>BOLSO PUMA 091145-08<\/p>\n","protected":false},"featured_media":71655,"template":"","meta":[],"product_brand":[],"product_cat":[402],"product_tag":[32],"class_list":{"0":"post-71653","1":"product","2":"type-product","3":"status-publish","4":"has-post-thumbnail","6":"product_cat-accesorios_bolsos","7":"product_tag-puma","8":"pa_color-unico","9":"pa_talla-unica","10":"thunk-woo-product-list","11":"opn-qv-enable","12":"open-woo-hover-","13":"open-single-product-tab-horizontal","14":"open-shadow-","15":"open-shadow-hover-","17":"first","18":"instock","19":"shipping-taxable","20":"purchasable","21":"product-type-variable"},"jetpack_sharing_enabled":true,"_links":{"self":[{"href":"https:\/\/www.deporteseli.com\/index.php?rest_route=\/wp\/v2\/product\/71653","targetHints":{"allow":["GET"]}}],"collection":[{"href":"https:\/\/www.deporteseli.com\/index.php?rest_route=\/wp\/v2\/product"}],"about":[{"href":"https:\/\/www.deporteseli.com\/index.php?rest_route=\/wp\/v2\/types\/product"}],"wp:featuredmedia":[{"embeddable":true,"href":"https:\/\/www.deporteseli.com\/index.php?rest_route=\/wp\/v2\/media\/71655"}],"wp:attachment":[{"href":"https:\/\/www.deporteseli.com\/index.php?rest_route=%2Fwp%2Fv2%2Fmedia&parent=71653"}],"wp:term":[{"taxonomy":"product_brand","embeddable":true,"href":"https:\/\/www.deporteseli.com\/index.php?rest_route=%2Fwp%2Fv2%2Fproduct_brand&post=71653"},{"taxonomy":"product_cat","embeddable":true,"href":"https:\/\/www.deporteseli.com\/index.php?rest_route=%2Fwp%2Fv2%2Fproduct_cat&post=71653"},{"taxonomy":"product_tag","embeddable":true,"href":"https:\/\/www.deporteseli.com\/index.php?rest_route=%2Fwp%2Fv2%2Fproduct_tag&post=71653"}],"curies":[{"name":"wp","href":"https:\/\/api.w.org\/{rel}","templated":true}]}}