{"id":71649,"date":"2026-03-19T10:39:36","date_gmt":"2026-03-19T10:39:36","guid":{"rendered":"https:\/\/www.deporteseli.com\/?product=bolso-puma-091145-01"},"modified":"2026-03-19T10:39:39","modified_gmt":"2026-03-19T10:39:39","slug":"bolso-puma-091145-01","status":"publish","type":"product","link":"https:\/\/www.deporteseli.com\/?product=bolso-puma-091145-01","title":{"rendered":"BOLSO PUMA 091145-01"},"content":{"rendered":"<p>Prep\u00e1rate para tus sesiones de fitness con esta vers\u00e1til bolsa de deporte. Su amplio compartimento principal, espacio dedicado para calzado y m\u00faltiples bolsillos te ayudan a mantener todo en orden. Dise\u00f1ada para acompa\u00f1arte en cada movimiento, combina funcionalidad y el estilo inconfundible de PUMA.    Compartimento principal con cremallera bidireccional  Un compartimento lateral con cremallera con espacio para calzado  Un bolsillo lateral plano con cremallera  Bolsillo lateral de malla  Color: Negro  Composici\u00f3n: Sint\u00e9tico                                                                                                                                                                                                                                                                                                                                                                                                                                                                                                                                                                                                                                                                                                                                                                                                                                                                                                                                                                                                                                        <\/p>\n","protected":false},"excerpt":{"rendered":"<p>BOLSO PUMA 091145-01<\/p>\n","protected":false},"featured_media":71651,"template":"","meta":[],"product_brand":[],"product_cat":[402],"product_tag":[32],"class_list":{"0":"post-71649","1":"product","2":"type-product","3":"status-publish","4":"has-post-thumbnail","6":"product_cat-accesorios_bolsos","7":"product_tag-puma","8":"pa_color-unico","9":"pa_talla-unica","10":"thunk-woo-product-list","11":"opn-qv-enable","12":"open-woo-hover-","13":"open-single-product-tab-horizontal","14":"open-shadow-","15":"open-shadow-hover-","17":"first","18":"instock","19":"shipping-taxable","20":"purchasable","21":"product-type-variable"},"jetpack_sharing_enabled":true,"_links":{"self":[{"href":"https:\/\/www.deporteseli.com\/index.php?rest_route=\/wp\/v2\/product\/71649","targetHints":{"allow":["GET"]}}],"collection":[{"href":"https:\/\/www.deporteseli.com\/index.php?rest_route=\/wp\/v2\/product"}],"about":[{"href":"https:\/\/www.deporteseli.com\/index.php?rest_route=\/wp\/v2\/types\/product"}],"wp:featuredmedia":[{"embeddable":true,"href":"https:\/\/www.deporteseli.com\/index.php?rest_route=\/wp\/v2\/media\/71651"}],"wp:attachment":[{"href":"https:\/\/www.deporteseli.com\/index.php?rest_route=%2Fwp%2Fv2%2Fmedia&parent=71649"}],"wp:term":[{"taxonomy":"product_brand","embeddable":true,"href":"https:\/\/www.deporteseli.com\/index.php?rest_route=%2Fwp%2Fv2%2Fproduct_brand&post=71649"},{"taxonomy":"product_cat","embeddable":true,"href":"https:\/\/www.deporteseli.com\/index.php?rest_route=%2Fwp%2Fv2%2Fproduct_cat&post=71649"},{"taxonomy":"product_tag","embeddable":true,"href":"https:\/\/www.deporteseli.com\/index.php?rest_route=%2Fwp%2Fv2%2Fproduct_tag&post=71649"}],"curies":[{"name":"wp","href":"https:\/\/api.w.org\/{rel}","templated":true}]}}