{"id":71452,"date":"2026-03-17T12:51:44","date_gmt":"2026-03-17T12:51:44","guid":{"rendered":"https:\/\/www.deporteseli.com\/?product=bolso-under-1369223-001"},"modified":"2026-03-17T13:05:34","modified_gmt":"2026-03-17T13:05:34","slug":"bolso-under-1369223-001","status":"publish","type":"product","link":"https:\/\/www.deporteseli.com\/?product=bolso-under-1369223-001","title":{"rendered":"BOLSO UNDER 1369223-001"},"content":{"rendered":"<p>Tecnolog\u00eda UA Storm para proporcionar un acabado duradero y altamente repelente al agua  Paneles laterales e inferiores con revestimiento de TPU y espuma para una mayor durabilidad y resistencia  Bolsillo doble para botellas de agua  Bolsillo de gran tama\u00f1o con ventilaci\u00f3n para ropa o calzado y bolsillos interiores que ofrecen m\u00e1s organizaci\u00f3n  Bolsillo delantero grande con cremallera y puntos de enganche de tejido MOLLE  Correa para el hombro HeatGear\u00ae acolchada y desmontable que se guarda f\u00e1cilmente en el bolsillo lateral  Asa superior acolchada  N\u00fam. de producto: 1369223  Dimensiones cuando el accesorio est\u00e1 lleno: 31 cm x 29 cm x 62 cm (ancho x alto x largo)  Volumen: 58L  100 % poli\u00e9ster  Producto importado                                                                                                                                                                                                                                                                                                                                                                                                                                                                                                                                                                                                                                                                                                                                                                                                                                                                                                                                                                                                                                        <\/p>\n","protected":false},"excerpt":{"rendered":"<p>BOLSO UNDER 1369223-001<\/p>\n","protected":false},"featured_media":71459,"template":"","meta":[],"product_brand":[],"product_cat":[402],"product_tag":[81],"class_list":{"0":"post-71452","1":"product","2":"type-product","3":"status-publish","4":"has-post-thumbnail","6":"product_cat-accesorios_bolsos","7":"product_tag-under_armour","8":"pa_color-unico","9":"pa_talla-unica","10":"thunk-woo-product-list","11":"opn-qv-enable","12":"open-woo-hover-","13":"open-single-product-tab-horizontal","14":"open-shadow-","15":"open-shadow-hover-","17":"first","18":"instock","19":"shipping-taxable","20":"purchasable","21":"product-type-variable"},"jetpack_sharing_enabled":true,"_links":{"self":[{"href":"https:\/\/www.deporteseli.com\/index.php?rest_route=\/wp\/v2\/product\/71452","targetHints":{"allow":["GET"]}}],"collection":[{"href":"https:\/\/www.deporteseli.com\/index.php?rest_route=\/wp\/v2\/product"}],"about":[{"href":"https:\/\/www.deporteseli.com\/index.php?rest_route=\/wp\/v2\/types\/product"}],"wp:featuredmedia":[{"embeddable":true,"href":"https:\/\/www.deporteseli.com\/index.php?rest_route=\/wp\/v2\/media\/71459"}],"wp:attachment":[{"href":"https:\/\/www.deporteseli.com\/index.php?rest_route=%2Fwp%2Fv2%2Fmedia&parent=71452"}],"wp:term":[{"taxonomy":"product_brand","embeddable":true,"href":"https:\/\/www.deporteseli.com\/index.php?rest_route=%2Fwp%2Fv2%2Fproduct_brand&post=71452"},{"taxonomy":"product_cat","embeddable":true,"href":"https:\/\/www.deporteseli.com\/index.php?rest_route=%2Fwp%2Fv2%2Fproduct_cat&post=71452"},{"taxonomy":"product_tag","embeddable":true,"href":"https:\/\/www.deporteseli.com\/index.php?rest_route=%2Fwp%2Fv2%2Fproduct_tag&post=71452"}],"curies":[{"name":"wp","href":"https:\/\/api.w.org\/{rel}","templated":true}]}}