{"id":71448,"date":"2026-03-17T12:47:11","date_gmt":"2026-03-17T12:47:11","guid":{"rendered":"https:\/\/www.deporteseli.com\/?product=bolso-under-1369222-011"},"modified":"2026-03-17T12:47:15","modified_gmt":"2026-03-17T12:47:15","slug":"bolso-under-1369222-011","status":"publish","type":"product","link":"https:\/\/www.deporteseli.com\/?product=bolso-under-1369222-011","title":{"rendered":"BOLSO UNDER 1369222-011"},"content":{"rendered":"<p>Nuestra incre\u00edble bolsa UA Undeniable contin\u00faa mejorando sus prestaciones. Esta bolsa de deporte ligera y confeccionada con materiales incre\u00edblemente duraderos resulta imprescindible para el d\u00eda a d\u00eda.         FICHA T\u00c9CNICA:  Colores: Negra.  Material: 100% Poli\u00e9ster.  Capacidad: 40 litros.  Medidas aproximadas: 27 cm x 26 cm x 55 cm.  CARACTER\u00cdSTICAS:  Tecnolog\u00eda UA Storm para proporcionar un acabado duradero y altamente repelente al agua  Paneles laterales e inferiores con revestimiento de PU y espuma para una mayor durabilidad y resistencia  Bolsillo de gran tama\u00f1o con ventilaci\u00f3n para ropa o calzado y bolsillos interiores que ofrecen m\u00e1s organizaci\u00f3n  Bolsillo delantero grande con cremallera y puntos de enganche de tejido MOLLE  Bolsillo doble para botellas de agua  Correa para el hombro ajustable  Detalles    Referencia: 1369222 001  Color: Negro  Sexo: Unisex                                                                                                                                                                                                                                                                                                                                                                                                                                                                                                                                                                                                                                                                                                                                                                                                                                                                                                                                                                                                                                        <\/p>\n","protected":false},"excerpt":{"rendered":"<p>BOLSO UNDER 1369222-011<\/p>\n","protected":false},"featured_media":71450,"template":"","meta":[],"product_brand":[],"product_cat":[402],"product_tag":[81],"class_list":{"0":"post-71448","1":"product","2":"type-product","3":"status-publish","4":"has-post-thumbnail","6":"product_cat-accesorios_bolsos","7":"product_tag-under_armour","8":"pa_color-unico","9":"pa_talla-unica","10":"thunk-woo-product-list","11":"opn-qv-enable","12":"open-woo-hover-","13":"open-single-product-tab-horizontal","14":"open-shadow-","15":"open-shadow-hover-","17":"first","18":"instock","19":"shipping-taxable","20":"purchasable","21":"product-type-variable"},"jetpack_sharing_enabled":true,"_links":{"self":[{"href":"https:\/\/www.deporteseli.com\/index.php?rest_route=\/wp\/v2\/product\/71448","targetHints":{"allow":["GET"]}}],"collection":[{"href":"https:\/\/www.deporteseli.com\/index.php?rest_route=\/wp\/v2\/product"}],"about":[{"href":"https:\/\/www.deporteseli.com\/index.php?rest_route=\/wp\/v2\/types\/product"}],"wp:featuredmedia":[{"embeddable":true,"href":"https:\/\/www.deporteseli.com\/index.php?rest_route=\/wp\/v2\/media\/71450"}],"wp:attachment":[{"href":"https:\/\/www.deporteseli.com\/index.php?rest_route=%2Fwp%2Fv2%2Fmedia&parent=71448"}],"wp:term":[{"taxonomy":"product_brand","embeddable":true,"href":"https:\/\/www.deporteseli.com\/index.php?rest_route=%2Fwp%2Fv2%2Fproduct_brand&post=71448"},{"taxonomy":"product_cat","embeddable":true,"href":"https:\/\/www.deporteseli.com\/index.php?rest_route=%2Fwp%2Fv2%2Fproduct_cat&post=71448"},{"taxonomy":"product_tag","embeddable":true,"href":"https:\/\/www.deporteseli.com\/index.php?rest_route=%2Fwp%2Fv2%2Fproduct_tag&post=71448"}],"curies":[{"name":"wp","href":"https:\/\/api.w.org\/{rel}","templated":true}]}}