{"id":71344,"date":"2026-03-17T11:46:27","date_gmt":"2026-03-17T11:46:27","guid":{"rendered":"https:\/\/www.deporteseli.com\/?product=manga-adidas-adsl-1301-2"},"modified":"2026-04-08T04:18:11","modified_gmt":"2026-04-08T04:18:11","slug":"manga-adidas-adsl-1301-2","status":"publish","type":"product","link":"https:\/\/www.deporteseli.com\/?product=manga-adidas-adsl-1301-2","title":{"rendered":"MANGA ADIDAS ADSL-1301"},"content":{"rendered":"<p>Descripci\u00f3n  Combinando rendimiento y estilo, las mangas de compresi\u00f3n Adidas Aeroready est\u00e1n dise\u00f1adas para ayudarte a alcanzar tu m\u00e1ximo potencial. Confeccionadas con tejido Aeroready que absorbe la humedad, te mantienen fresco, seco y concentrado, mientras que la ligera mezcla de elastano y nailon ofrece una comodidad transpirable. Su ajuste aerodin\u00e1mico reduce la irritaci\u00f3n y la inserci\u00f3n de silicona en el pu\u00f1o evita que se deslicen, garantizando que las mangas permanezcan en su sitio durante todo el movimiento.    Adem\u00e1s de comodidad, las mangas ofrecen un ligero aislamiento t\u00e9rmico que ayuda a regular la temperatura en condiciones cambiantes, mientras que la protecci\u00f3n UPF 40  garantiza una excelente protecci\u00f3n contra los da\u00f1inos rayos UV. El logotipo reflectante plateado de adidas aumenta la visibilidad en entornos con poca luz, lo que te mantiene m\u00e1s seguro durante los entrenamientos matutinos o vespertinos.    Resistentes y f\u00e1ciles de mantener, las mangas se pueden lavar a m\u00e1quina a 30 grados, lo que facilita su limpieza despu\u00e9s de sesiones intensas. Disponibles en pares, las mangas de compresi\u00f3n Adidas Aeroready est\u00e1n dise\u00f1adas para optimizar tu rendimiento en entrenamientos, deportes y actividades al aire libre.    Mangas de compresi\u00f3n Adidas Aeroready &#8211; Negras Dimensiones:  ? S\/M &#8211; 41 (largo) x 11,5 (ancho) x 0,4 (alto) cm  ? L\/XL &#8211; 45 (largo) x 12,5 (ancho) x 0,4 (alto) cm                                                                                                                                                                                                                                                                                                                                                                                                                                                                                                                                                                                                                                                                                                                                                                                                                                                                                                                                                                                                                                        <\/p>\n","protected":false},"excerpt":{"rendered":"<p>MANGA ADIDAS ADSL-1301<\/p>\n","protected":false},"featured_media":71346,"template":"","meta":[],"product_brand":[],"product_cat":[344],"product_tag":[18],"class_list":{"0":"post-71344","1":"product","2":"type-product","3":"status-publish","4":"has-post-thumbnail","6":"product_cat-deportes_gimnasio_accesorios","7":"product_tag-adidas","8":"pa_color-unico","9":"pa_talla-l","10":"thunk-woo-product-list","11":"opn-qv-enable","12":"open-woo-hover-","13":"open-single-product-tab-horizontal","14":"open-shadow-","15":"open-shadow-hover-","17":"first","18":"instock","19":"shipping-taxable","20":"purchasable","21":"product-type-variable"},"jetpack_sharing_enabled":true,"_links":{"self":[{"href":"https:\/\/www.deporteseli.com\/index.php?rest_route=\/wp\/v2\/product\/71344","targetHints":{"allow":["GET"]}}],"collection":[{"href":"https:\/\/www.deporteseli.com\/index.php?rest_route=\/wp\/v2\/product"}],"about":[{"href":"https:\/\/www.deporteseli.com\/index.php?rest_route=\/wp\/v2\/types\/product"}],"wp:featuredmedia":[{"embeddable":true,"href":"https:\/\/www.deporteseli.com\/index.php?rest_route=\/wp\/v2\/media\/71346"}],"wp:attachment":[{"href":"https:\/\/www.deporteseli.com\/index.php?rest_route=%2Fwp%2Fv2%2Fmedia&parent=71344"}],"wp:term":[{"taxonomy":"product_brand","embeddable":true,"href":"https:\/\/www.deporteseli.com\/index.php?rest_route=%2Fwp%2Fv2%2Fproduct_brand&post=71344"},{"taxonomy":"product_cat","embeddable":true,"href":"https:\/\/www.deporteseli.com\/index.php?rest_route=%2Fwp%2Fv2%2Fproduct_cat&post=71344"},{"taxonomy":"product_tag","embeddable":true,"href":"https:\/\/www.deporteseli.com\/index.php?rest_route=%2Fwp%2Fv2%2Fproduct_tag&post=71344"}],"curies":[{"name":"wp","href":"https:\/\/api.w.org\/{rel}","templated":true}]}}