{"id":71239,"date":"2026-03-16T13:13:15","date_gmt":"2026-03-16T13:13:15","guid":{"rendered":"https:\/\/www.deporteseli.com\/?product=botas-joma-striker-2603-artif"},"modified":"2026-03-16T13:13:30","modified_gmt":"2026-03-16T13:13:30","slug":"botas-joma-striker-2603-artif","status":"publish","type":"product","link":"https:\/\/www.deporteseli.com\/?product=botas-joma-striker-2603-artif","title":{"rendered":"BOTAS JOMA STRIKER 2603 ARTIF"},"content":{"rendered":"<p>Descripci\u00f3n  El deportivo combina confortabilidad con estilo para optimizar tu ejercicio f\u00edsico. Su color BLAU MAR\u00cd llamar\u00e1 tu atenci\u00f3n. Este modelo puede ser tu compa\u00f1ero ideal que har\u00e1 que tus retos parezcan cada vez m\u00e1s f\u00e1ciles.  Con \u00e9l lo dar\u00e1s todo!                                                                                                                                                                                                                                                                                                                                                                                                                                                                                                                                                                                                                                                                                                                                                                                                                                                                                                                                                                                                                                        <\/p>\n","protected":false},"excerpt":{"rendered":"<p>BOTAS JOMA STRIKER 2603 ARTIF<\/p>\n","protected":false},"featured_media":71246,"template":"","meta":[],"product_brand":[],"product_cat":[318],"product_tag":[31],"class_list":{"0":"post-71239","1":"product","2":"type-product","3":"status-publish","4":"has-post-thumbnail","6":"product_cat-deportes_futbol_botas","7":"product_tag-joma","8":"pa_color-unico","9":"pa_talla-149","10":"pa_talla-151","11":"pa_talla-153","12":"pa_talla-155","13":"pa_talla-157","14":"pa_talla-159","15":"thunk-woo-product-list","16":"opn-qv-enable","17":"open-woo-hover-","18":"open-single-product-tab-horizontal","19":"open-shadow-","20":"open-shadow-hover-","22":"first","23":"instock","24":"shipping-taxable","25":"purchasable","26":"product-type-variable"},"jetpack_sharing_enabled":true,"_links":{"self":[{"href":"https:\/\/www.deporteseli.com\/index.php?rest_route=\/wp\/v2\/product\/71239","targetHints":{"allow":["GET"]}}],"collection":[{"href":"https:\/\/www.deporteseli.com\/index.php?rest_route=\/wp\/v2\/product"}],"about":[{"href":"https:\/\/www.deporteseli.com\/index.php?rest_route=\/wp\/v2\/types\/product"}],"wp:featuredmedia":[{"embeddable":true,"href":"https:\/\/www.deporteseli.com\/index.php?rest_route=\/wp\/v2\/media\/71246"}],"wp:attachment":[{"href":"https:\/\/www.deporteseli.com\/index.php?rest_route=%2Fwp%2Fv2%2Fmedia&parent=71239"}],"wp:term":[{"taxonomy":"product_brand","embeddable":true,"href":"https:\/\/www.deporteseli.com\/index.php?rest_route=%2Fwp%2Fv2%2Fproduct_brand&post=71239"},{"taxonomy":"product_cat","embeddable":true,"href":"https:\/\/www.deporteseli.com\/index.php?rest_route=%2Fwp%2Fv2%2Fproduct_cat&post=71239"},{"taxonomy":"product_tag","embeddable":true,"href":"https:\/\/www.deporteseli.com\/index.php?rest_route=%2Fwp%2Fv2%2Fproduct_tag&post=71239"}],"curies":[{"name":"wp","href":"https:\/\/api.w.org\/{rel}","templated":true}]}}